{"id":2543,"date":"2025-12-01T13:17:27","date_gmt":"2025-12-01T13:17:27","guid":{"rendered":"https:\/\/upmlm.com\/mt_mt\/?page_id=2543"},"modified":"2026-03-08T12:01:22","modified_gmt":"2026-03-08T12:01:22","slug":"contact","status":"publish","type":"page","link":"https:\/\/upmlm.com\/mt_mt\/contact\/","title":{"rendered":"Kuntatt"},"content":{"rendered":"\t\t<div data-elementor-type=\"wp-page\" data-elementor-id=\"2543\" class=\"elementor elementor-2543\" data-elementor-post-type=\"page\">\n\t\t\t\t<div class=\"elementor-element elementor-element-359bc1ac e-flex e-con-boxed e-con e-parent\" data-id=\"359bc1ac\" data-element_type=\"container\" data-e-type=\"container\" data-settings=\"{&quot;background_background&quot;:&quot;classic&quot;}\">\n\t\t\t\t\t<div class=\"e-con-inner\">\n\t\t<div class=\"elementor-element elementor-element-4cc2132e e-con-full e-flex e-con e-child\" data-id=\"4cc2132e\" data-element_type=\"container\" data-e-type=\"container\" data-settings=\"{&quot;background_background&quot;:&quot;classic&quot;}\">\n\t\t<div class=\"elementor-element elementor-element-2991d509 e-con-full e-flex e-con e-child\" data-id=\"2991d509\" data-element_type=\"container\" data-e-type=\"container\">\n\t\t\t\t<div class=\"elementor-element elementor-element-7e122677 elementor-widget elementor-widget-heading\" data-id=\"7e122677\" data-element_type=\"widget\" data-e-type=\"widget\" data-widget_type=\"heading.default\">\n\t\t\t\t\t<h1 class=\"elementor-heading-title elementor-size-default\">Ikkuntattja ma' Spe\u010bjalisti Tag\u0127na<\/h1>\t\t\t\t<\/div>\n\t\t\t\t<div class=\"elementor-element elementor-element-34c7a3a elementor-widget elementor-widget-text-editor\" data-id=\"34c7a3a\" data-element_type=\"widget\" data-e-type=\"widget\" data-widget_type=\"text-editor.default\">\n\t\t\t\t\t\t\t\t\t<p>Ikkonnettja mag\u0127na llum biex tesplora soluzzjonijiet personalizzati li jippropellu n-negozju tieg\u0127ek &#8216;il quddiem. It-tim tag\u0127na huwa lest li jiddiskuti l-\u0127ti\u0121ijiet tieg\u0127ek, jipprovdi g\u0127arfien, u jipprepara t-triq g\u0127as-su\u010b\u010bess. Ikkuntatjana u ejja nibdew vja\u0121\u0121 ta&#8217; innovazzjoni u tkabbir flimkien.<\/p>\t\t\t\t\t\t\t\t<\/div>\n\t\t\t\t<\/div>\n\t\t<div class=\"elementor-element elementor-element-3c5276d7 e-con-full e-flex e-con e-child\" data-id=\"3c5276d7\" data-element_type=\"container\" data-e-type=\"container\">\n\t\t\t\t<div class=\"elementor-element elementor-element-7d56320b elementor-align-center elementor-widget elementor-widget-lottie\" data-id=\"7d56320b\" data-element_type=\"widget\" data-e-type=\"widget\" data-settings=\"{&quot;source_json&quot;:{&quot;url&quot;:&quot;https:\\\/\\\/upmlm.com\\\/wp-content\\\/uploads\\\/2025\\\/12\\\/Welcome.json&quot;,&quot;id&quot;:2587,&quot;size&quot;:&quot;&quot;},&quot;loop&quot;:&quot;yes&quot;,&quot;source&quot;:&quot;media_file&quot;,&quot;caption_source&quot;:&quot;none&quot;,&quot;link_to&quot;:&quot;none&quot;,&quot;trigger&quot;:&quot;arriving_to_viewport&quot;,&quot;viewport&quot;:{&quot;unit&quot;:&quot;%&quot;,&quot;size&quot;:&quot;&quot;,&quot;sizes&quot;:{&quot;start&quot;:0,&quot;end&quot;:100}},&quot;play_speed&quot;:{&quot;unit&quot;:&quot;px&quot;,&quot;size&quot;:1,&quot;sizes&quot;:[]},&quot;start_point&quot;:{&quot;unit&quot;:&quot;%&quot;,&quot;size&quot;:0,&quot;sizes&quot;:[]},&quot;end_point&quot;:{&quot;unit&quot;:&quot;%&quot;,&quot;size&quot;:100,&quot;sizes&quot;:[]},&quot;renderer&quot;:&quot;svg&quot;}\" data-widget_type=\"lottie.default\">\n\t\t\t\t\t<div class=\"e-lottie__container\"><div class=\"e-lottie__animation\"><\/div><\/div>\t\t\t\t<\/div>\n\t\t\t\t<\/div>\n\t\t\t\t<\/div>\n\t\t\t\t\t<\/div>\n\t\t\t\t<\/div>\n\t\t<div class=\"elementor-element elementor-element-367d17de e-flex e-con-boxed e-con e-parent\" data-id=\"367d17de\" data-element_type=\"container\" data-e-type=\"container\">\n\t\t\t\t\t<div class=\"e-con-inner\">\n\t\t\t\t<div class=\"elementor-element elementor-element-6b2bde7a elementor-widget elementor-widget-heading\" data-id=\"6b2bde7a\" data-element_type=\"widget\" data-e-type=\"widget\" data-widget_type=\"heading.default\">\n\t\t\t\t\t<h2 class=\"elementor-heading-title elementor-size-default\">Kuntattjana<span style=\"color:#2298EC\"> Illum <\/span><\/h2>\t\t\t\t<\/div>\n\t\t<div class=\"elementor-element elementor-element-1d31a005 e-con-full e-flex e-con e-child\" data-id=\"1d31a005\" data-element_type=\"container\" data-e-type=\"container\" data-settings=\"{&quot;background_background&quot;:&quot;classic&quot;}\">\n\t\t\t\t<div class=\"elementor-element elementor-element-65b9aab9 elementor-button-align-stretch elementor-widget elementor-widget-form\" data-id=\"65b9aab9\" data-element_type=\"widget\" data-e-type=\"widget\" data-settings=\"{&quot;step_next_label&quot;:&quot;Li jmiss&quot;,&quot;step_previous_label&quot;:&quot;Pre\\u010bedenti&quot;,&quot;button_width&quot;:&quot;100&quot;,&quot;step_type&quot;:&quot;number_text&quot;,&quot;step_icon_shape&quot;:&quot;circle&quot;}\" data-widget_type=\"form.default\">\n\t\t\t\t\t\t\t<form class=\"elementor-form\" method=\"post\" name=\"New Form\" aria-label=\"New Form\">\n\t\t\t<input type=\"hidden\" name=\"post_id\" value=\"2543\"\/>\n\t\t\t<input type=\"hidden\" name=\"form_id\" value=\"65b9aab9\"\/>\n\t\t\t<input type=\"hidden\" name=\"referer_title\" value=\"Kuntatt - mt_MT\" \/>\n\n\t\t\t\t\t\t\t<input type=\"hidden\" name=\"queried_id\" value=\"2543\"\/>\n\t\t\t\n\t\t\t<div class=\"elementor-form-fields-wrapper elementor-labels-above\">\n\t\t\t\t\t\t\t\t<div class=\"elementor-field-type-text elementor-field-group elementor-column elementor-field-group-nameEn elementor-col-100 elementor-sm-50 elementor-field-required elementor-mark-required\">\n\t\t\t\t\t\t\t\t\t\t\t\t<label for=\"form-field-nameEn\" class=\"elementor-field-label\">\n\t\t\t\t\t\t\t\tIsem\t\t\t\t\t\t\t<\/label>\n\t\t\t\t\t\t\t\t\t\t\t\t\t\t<input size=\"1\" type=\"text\" name=\"form_fields[nameEn]\" id=\"form-field-nameEn\" class=\"elementor-field elementor-size-md  elementor-field-textual\" required=\"required\">\n\t\t\t\t\t\t\t\t\t\t\t<\/div>\n\t\t\t\t\t\t\t\t<div class=\"elementor-field-type-email elementor-field-group elementor-column elementor-field-group-emailEN elementor-col-100 elementor-sm-50 elementor-field-required elementor-mark-required\">\n\t\t\t\t\t\t\t\t\t\t\t\t<label for=\"form-field-emailEN\" class=\"elementor-field-label\">\n\t\t\t\t\t\t\t\tEmail\t\t\t\t\t\t\t<\/label>\n\t\t\t\t\t\t\t\t\t\t\t\t\t\t<input size=\"1\" type=\"email\" name=\"form_fields[emailEN]\" id=\"form-field-emailEN\" class=\"elementor-field elementor-size-md  elementor-field-textual\" required=\"required\">\n\t\t\t\t\t\t\t\t\t\t\t<\/div>\n\t\t\t\t\t\t\t\t<div class=\"elementor-field-type-textarea elementor-field-group elementor-column elementor-field-group-messageEN elementor-col-100 elementor-field-required elementor-mark-required\">\n\t\t\t\t\t\t\t\t\t\t\t\t<label for=\"form-field-messageEN\" class=\"elementor-field-label\">\n\t\t\t\t\t\t\t\tMessa\u0121\u0121\t\t\t\t\t\t\t<\/label>\n\t\t\t\t\t\t<textarea class=\"elementor-field-textual elementor-field  elementor-size-md\" name=\"form_fields[messageEN]\" id=\"form-field-messageEN\" rows=\"4\" required=\"required\"><\/textarea>\t\t\t\t<\/div>\n\t\t\t\t\t\t\t\t<div class=\"elementor-field-group elementor-column elementor-field-type-submit elementor-col-100 e-form__buttons\">\n\t\t\t\t\t<button class=\"elementor-button elementor-size-sm\" type=\"submit\">\n\t\t\t\t\t\t<span class=\"elementor-button-content-wrapper\">\n\t\t\t\t\t\t\t\t\t\t\t\t\t\t\t\t\t\t\t\t\t\t<span class=\"elementor-button-text\">Ibg\u0127at<\/span>\n\t\t\t\t\t\t\t\t\t\t\t\t\t<\/span>\n\t\t\t\t\t<\/button>\n\t\t\t\t<\/div>\n\t\t\t<\/div>\n\t\t<\/form>\n\t\t\t\t\t\t<\/div>\n\t\t\t\t<\/div>\n\t\t\t\t\t<\/div>\n\t\t\t\t<\/div>\n\t\t\t\t<\/div>\n\t\t","protected":false},"excerpt":{"rendered":"<p>Ikkuntattja ma&#8217; Spe\u010bjalisti Tag\u0127na Ikkonnettja mag\u0127na illum biex tesplora soluzzjonijiet personalizzati li jippropellu n-negozju tieg\u0127ek &#8216;il quddiem. It-tim tag\u0127na huwa lest li jiddiskuti l-\u0127ti\u0121ijiet tieg\u0127ek, jipprovdi g\u0127arfien, u jipprepara t-triq g\u0127as-su\u010b\u010bess. Ikkuntattjana u ejja nibdew vja\u0121\u0121 ta&#8217; innovazzjoni u tkabbir flimkien. Ikkuntattjana Illum<\/p>\n","protected":false},"author":3,"featured_media":0,"parent":0,"menu_order":0,"comment_status":"closed","ping_status":"closed","template":"","meta":{"_acf_changed":false,"footnotes":""},"class_list":["post-2543","page","type-page","status-publish","hentry"],"acf":[],"yoast_head":"<!-- This site is optimized with the Yoast SEO plugin v27.3 - https:\/\/yoast.com\/product\/yoast-seo-wordpress\/ -->\n<title>Kuntatt - mt_MT<\/title>\n<meta name=\"robots\" content=\"index, follow, max-snippet:-1, max-image-preview:large, max-video-preview:-1\" \/>\n<link rel=\"canonical\" href=\"https:\/\/upmlm.com\/mt_mt\/contact\/\" \/>\n<meta property=\"og:locale\" content=\"en_US\" \/>\n<meta property=\"og:type\" content=\"article\" \/>\n<meta property=\"og:title\" content=\"Kuntatt - mt_MT\" \/>\n<meta property=\"og:description\" content=\"Ikkuntattja ma&#8217; Spe\u010bjalisti Tag\u0127na Ikkonnettja mag\u0127na illum biex tesplora soluzzjonijiet personalizzati li jippropellu n-negozju tieg\u0127ek &#8216;il quddiem. It-tim tag\u0127na huwa lest li jiddiskuti l-\u0127ti\u0121ijiet tieg\u0127ek, jipprovdi g\u0127arfien, u jipprepara t-triq g\u0127as-su\u010b\u010bess. Ikkuntattjana u ejja nibdew vja\u0121\u0121 ta&#8217; innovazzjoni u tkabbir flimkien. Ikkuntattjana Illum\" \/>\n<meta property=\"og:url\" content=\"https:\/\/upmlm.com\/mt_mt\/contact\/\" \/>\n<meta property=\"og:site_name\" content=\"mt_MT\" \/>\n<meta property=\"article:modified_time\" content=\"2026-03-08T12:01:22+00:00\" \/>\n<meta name=\"twitter:card\" content=\"summary_large_image\" \/>\n<meta name=\"twitter:label1\" content=\"Est. reading time\" \/>\n\t<meta name=\"twitter:data1\" content=\"1 minute\" \/>\n<script type=\"application\/ld+json\" class=\"yoast-schema-graph\">{\"@context\":\"https:\\\/\\\/schema.org\",\"@graph\":[{\"@type\":\"WebPage\",\"@id\":\"https:\\\/\\\/upmlm.com\\\/mt_mt\\\/contact\\\/\",\"url\":\"https:\\\/\\\/upmlm.com\\\/mt_mt\\\/contact\\\/\",\"name\":\"Kuntatt - mt_MT\",\"isPartOf\":{\"@id\":\"https:\\\/\\\/upmlm.com\\\/mt_mt\\\/#website\"},\"datePublished\":\"2025-12-01T13:17:27+00:00\",\"dateModified\":\"2026-03-08T12:01:22+00:00\",\"breadcrumb\":{\"@id\":\"https:\\\/\\\/upmlm.com\\\/mt_mt\\\/contact\\\/#breadcrumb\"},\"inLanguage\":\"en-US\",\"potentialAction\":[{\"@type\":\"ReadAction\",\"target\":[\"https:\\\/\\\/upmlm.com\\\/mt_mt\\\/contact\\\/\"]}]},{\"@type\":\"BreadcrumbList\",\"@id\":\"https:\\\/\\\/upmlm.com\\\/mt_mt\\\/contact\\\/#breadcrumb\",\"itemListElement\":[{\"@type\":\"ListItem\",\"position\":1,\"name\":\"Home\",\"item\":\"https:\\\/\\\/upmlm.com\\\/mt_mt\\\/\"},{\"@type\":\"ListItem\",\"position\":2,\"name\":\"Kuntatt\"}]},{\"@type\":\"WebSite\",\"@id\":\"https:\\\/\\\/upmlm.com\\\/mt_mt\\\/#website\",\"url\":\"https:\\\/\\\/upmlm.com\\\/mt_mt\\\/\",\"name\":\"mt_MT\",\"description\":\"The CRM Built by MLM Leaders for MLM Leaders\",\"publisher\":{\"@id\":\"https:\\\/\\\/upmlm.com\\\/mt_mt\\\/#organization\"},\"potentialAction\":[{\"@type\":\"SearchAction\",\"target\":{\"@type\":\"EntryPoint\",\"urlTemplate\":\"https:\\\/\\\/upmlm.com\\\/mt_mt\\\/?s={search_term_string}\"},\"query-input\":{\"@type\":\"PropertyValueSpecification\",\"valueRequired\":true,\"valueName\":\"search_term_string\"}}],\"inLanguage\":\"en-US\"},{\"@type\":\"Organization\",\"@id\":\"https:\\\/\\\/upmlm.com\\\/mt_mt\\\/#organization\",\"name\":\"mt_MT\",\"url\":\"https:\\\/\\\/upmlm.com\\\/mt_mt\\\/\",\"logo\":{\"@type\":\"ImageObject\",\"inLanguage\":\"en-US\",\"@id\":\"https:\\\/\\\/upmlm.com\\\/mt_mt\\\/#\\\/schema\\\/logo\\\/image\\\/\",\"url\":\"https:\\\/\\\/upmlm.com\\\/mt_mt\\\/wp-content\\\/uploads\\\/sites\\\/71\\\/2025\\\/09\\\/logo-1.png\",\"contentUrl\":\"https:\\\/\\\/upmlm.com\\\/mt_mt\\\/wp-content\\\/uploads\\\/sites\\\/71\\\/2025\\\/09\\\/logo-1.png\",\"width\":300,\"height\":90,\"caption\":\"mt_MT\"},\"image\":{\"@id\":\"https:\\\/\\\/upmlm.com\\\/mt_mt\\\/#\\\/schema\\\/logo\\\/image\\\/\"}}]}<\/script>\n<!-- \/ Yoast SEO plugin. -->","yoast_head_json":{"title":"Kuntatt - mt_MT","robots":{"index":"index","follow":"follow","max-snippet":"max-snippet:-1","max-image-preview":"max-image-preview:large","max-video-preview":"max-video-preview:-1"},"canonical":"https:\/\/upmlm.com\/mt_mt\/contact\/","og_locale":"en_US","og_type":"article","og_title":"Kuntatt - mt_MT","og_description":"Ikkuntattja ma&#8217; Spe\u010bjalisti Tag\u0127na Ikkonnettja mag\u0127na illum biex tesplora soluzzjonijiet personalizzati li jippropellu n-negozju tieg\u0127ek &#8216;il quddiem. It-tim tag\u0127na huwa lest li jiddiskuti l-\u0127ti\u0121ijiet tieg\u0127ek, jipprovdi g\u0127arfien, u jipprepara t-triq g\u0127as-su\u010b\u010bess. Ikkuntattjana u ejja nibdew vja\u0121\u0121 ta&#8217; innovazzjoni u tkabbir flimkien. Ikkuntattjana Illum","og_url":"https:\/\/upmlm.com\/mt_mt\/contact\/","og_site_name":"mt_MT","article_modified_time":"2026-03-08T12:01:22+00:00","twitter_card":"summary_large_image","twitter_misc":{"Est. reading time":"1 minute"},"schema":{"@context":"https:\/\/schema.org","@graph":[{"@type":"WebPage","@id":"https:\/\/upmlm.com\/mt_mt\/contact\/","url":"https:\/\/upmlm.com\/mt_mt\/contact\/","name":"Kuntatt - mt_MT","isPartOf":{"@id":"https:\/\/upmlm.com\/mt_mt\/#website"},"datePublished":"2025-12-01T13:17:27+00:00","dateModified":"2026-03-08T12:01:22+00:00","breadcrumb":{"@id":"https:\/\/upmlm.com\/mt_mt\/contact\/#breadcrumb"},"inLanguage":"en-US","potentialAction":[{"@type":"ReadAction","target":["https:\/\/upmlm.com\/mt_mt\/contact\/"]}]},{"@type":"BreadcrumbList","@id":"https:\/\/upmlm.com\/mt_mt\/contact\/#breadcrumb","itemListElement":[{"@type":"ListItem","position":1,"name":"Home","item":"https:\/\/upmlm.com\/mt_mt\/"},{"@type":"ListItem","position":2,"name":"Kuntatt"}]},{"@type":"WebSite","@id":"https:\/\/upmlm.com\/mt_mt\/#website","url":"https:\/\/upmlm.com\/mt_mt\/","name":"mt_MT","description":"The CRM Built by MLM Leaders for MLM Leaders","publisher":{"@id":"https:\/\/upmlm.com\/mt_mt\/#organization"},"potentialAction":[{"@type":"SearchAction","target":{"@type":"EntryPoint","urlTemplate":"https:\/\/upmlm.com\/mt_mt\/?s={search_term_string}"},"query-input":{"@type":"PropertyValueSpecification","valueRequired":true,"valueName":"search_term_string"}}],"inLanguage":"en-US"},{"@type":"Organization","@id":"https:\/\/upmlm.com\/mt_mt\/#organization","name":"mt_MT","url":"https:\/\/upmlm.com\/mt_mt\/","logo":{"@type":"ImageObject","inLanguage":"en-US","@id":"https:\/\/upmlm.com\/mt_mt\/#\/schema\/logo\/image\/","url":"https:\/\/upmlm.com\/mt_mt\/wp-content\/uploads\/sites\/71\/2025\/09\/logo-1.png","contentUrl":"https:\/\/upmlm.com\/mt_mt\/wp-content\/uploads\/sites\/71\/2025\/09\/logo-1.png","width":300,"height":90,"caption":"mt_MT"},"image":{"@id":"https:\/\/upmlm.com\/mt_mt\/#\/schema\/logo\/image\/"}}]}},"_links":{"self":[{"href":"https:\/\/upmlm.com\/mt_mt\/wp-json\/wp\/v2\/pages\/2543","targetHints":{"allow":["GET"]}}],"collection":[{"href":"https:\/\/upmlm.com\/mt_mt\/wp-json\/wp\/v2\/pages"}],"about":[{"href":"https:\/\/upmlm.com\/mt_mt\/wp-json\/wp\/v2\/types\/page"}],"author":[{"embeddable":true,"href":"https:\/\/upmlm.com\/mt_mt\/wp-json\/wp\/v2\/users\/3"}],"replies":[{"embeddable":true,"href":"https:\/\/upmlm.com\/mt_mt\/wp-json\/wp\/v2\/comments?post=2543"}],"version-history":[{"count":36,"href":"https:\/\/upmlm.com\/mt_mt\/wp-json\/wp\/v2\/pages\/2543\/revisions"}],"predecessor-version":[{"id":3334,"href":"https:\/\/upmlm.com\/mt_mt\/wp-json\/wp\/v2\/pages\/2543\/revisions\/3334"}],"wp:attachment":[{"href":"https:\/\/upmlm.com\/mt_mt\/wp-json\/wp\/v2\/media?parent=2543"}],"curies":[{"name":"wp","href":"https:\/\/api.w.org\/{rel}","templated":true}]}}