{"id":20,"date":"2025-09-05T10:57:12","date_gmt":"2025-09-05T10:57:12","guid":{"rendered":"https:\/\/upmlm.com\/it_it\/?page_id=20"},"modified":"2026-03-08T10:46:41","modified_gmt":"2026-03-08T10:46:41","slug":"terms","status":"publish","type":"page","link":"https:\/\/upmlm.com\/it_it\/terms\/","title":{"rendered":"Termini e Condizioni di Utilizzo"},"content":{"rendered":"\t\t<div data-elementor-type=\"wp-page\" data-elementor-id=\"20\" class=\"elementor elementor-20\" data-elementor-post-type=\"page\">\n\t\t\t\t<div class=\"elementor-element elementor-element-f006fa9 e-flex e-con-boxed e-con e-parent\" data-id=\"f006fa9\" data-element_type=\"container\" data-e-type=\"container\">\n\t\t\t\t\t<div class=\"e-con-inner\">\n\t\t\t\t<div class=\"elementor-element elementor-element-888d267 elementor-widget elementor-widget-text-editor\" data-id=\"888d267\" data-element_type=\"widget\" data-e-type=\"widget\" data-widget_type=\"text-editor.default\">\n\t\t\t\t\t\t\t\t\t<p><strong>Termini e Condizioni di Utilizzo<\/strong><\/p><p><em>Ultimo aggiornamento: 05-09-2025<\/em><\/p><p>Questi Termini e Condizioni (&#8220;Termini&#8221;) regolano l&#8217;accesso e l&#8217;utilizzo della piattaforma UpMLM, di propriet\u00e0 e gestita da <strong>Spinlegacy Unipessoal LDA<\/strong>, una societ\u00e0 registrata in Portogallo con NIF <strong>PT517378108<\/strong>, con sede legale situata a <strong>Aveiro, Portogallo<\/strong>.<\/p><p>Accedendo o utilizzando il nostro sito web e i nostri servizi (&#8220;Piattaforma&#8221;), l&#8217;utente accetta di essere vincolato da questi Termini. In caso di disaccordo, si prega di non utilizzare la Piattaforma.<\/p><hr \/><h3>1. Definizioni<\/h3><ul><li><p><strong>Piattaforma<\/strong>: Si riferisce al software e al sito web UpMLM.<\/p><\/li><li><p><strong>Utente<\/strong>: Chiunque sia registrato sulla Piattaforma.<\/p><\/li><li><p><strong>Contenuto<\/strong>: Qualsiasi dato, informazione, testo, file, corso o materiale caricato o creato dagli Utenti.<\/p><\/li><li><p><strong>Societ\u00e0<\/strong>: Si riferisce a Spinlegacy Unipessoal LDA.<\/p><\/li><\/ul><hr \/><h3>2. Descrizione del Servizio<\/h3><p>UpMLM \u00e8 una piattaforma CRM progettata per imprenditori nel network marketing, social selling o marketing multilivello (MLM). Offre strumenti come:<\/p><ul><li><p>Gestione dei lead<\/p><\/li><li><p>Piattaforma di e-learning e formazione<\/p><\/li><li><p>Funzionalit\u00e0 di automazione (email, WhatsApp, SMS)<\/p><\/li><li><p>Creazione di landing page<\/p><\/li><li><p>Pianificatore online<\/p><\/li><li><p>Gestione eventi\/calendario<\/p><\/li><\/ul><p>Gli utenti possono accedere a un <strong>Piano Gratuito (Freemium)<\/strong> o passare a un <strong>Piano a Pagamento<\/strong> (mensile o annuale tramite Stripe).<\/p><hr \/><h3>3. Limitazioni del Piano Gratuito<\/h3><p>La Piattaforma offre un Piano Freemium che fornisce accesso gratuito al sistema UpMLM con funzionalit\u00e0 limitate. Gli utenti possono passare in qualsiasi momento a piani a pagamento per sbloccare funzionalit\u00e0 aggiuntive e capacit\u00e0 estese.<\/p><hr \/><h3>4. Idoneit\u00e0 e Condotta dell&#8217;Utente<\/h3><ul><li><p>Gli utenti devono avere almeno <strong>18 anni<\/strong>.<\/p><\/li><li><p>La condivisione dell&#8217;account <strong>non \u00e8 consentita<\/strong>.<\/p><\/li><li><p>Gli utenti sono responsabili dei contenuti che caricano.<\/p><\/li><li><p>Contenuti inappropriati o illegali possono comportare la sospensione dell&#8217;account, sebbene non venga applicata alcuna moderazione attiva per impostazione predefinita.<\/p><\/li><\/ul><hr \/><h3>5. Pagamenti e Cancellazioni<\/h3><ul><li><p>I pagamenti vengono elaborati tramite <strong>Stripe<\/strong>.<\/p><\/li><li><p>Tutti gli abbonamenti vengono <strong>rinnovati automaticamente<\/strong>.<\/p><\/li><li><p>Gli utenti possono <strong>annullare in qualsiasi momento<\/strong>.<\/p><\/li><li><p>\u00c8 disponibile una <strong>garanzia di rimborso di 30 giorni<\/strong>, senza domande.<\/p><\/li><\/ul><hr \/><h3>6. Privacy e Dati<\/h3><ul><li><p>Informativa sulla privacy disponibile all&#8217;indirizzo: <a href=\"https:\/\/upmlm.com\/privacy\">https:\/\/upmlm.com\/privacy<\/a><\/p><\/li><li><p>Dati richiesti: nome e indirizzo email per la registrazione.<\/p><\/li><li><p>I dati <strong>non sono condivisi<\/strong> con terze parti.<\/p><\/li><li><p>Le informazioni sensibili (messaggi, statistiche, contatti) sono archiviate privatamente e sono accessibili solo dall&#8217;utente che le ha create.<\/p><\/li><\/ul><hr \/><h3>7. Propriet\u00e0 Intellettuale e Contenuti<\/h3><ul><li><p>Tutti i contenuti generati dagli utenti (es. corsi, automazioni) rimangono di propriet\u00e0 dell&#8217;utente.<\/p><\/li><li><p>I corsi pubblici possono essere utilizzati come modelli o esempi dalla Piattaforma.<\/p><\/li><\/ul><hr \/><h3>8. Disponibilit\u00e0 e Dichiarazione di Non Responsabilit\u00e0<\/h3><ul><li><p>La Societ\u00e0 mira a mantenere un <strong>tempo di attivit\u00e0 mensile del 95%<\/strong>.<\/p><\/li><li><p><strong>Non garantiamo<\/strong> il successo commerciale o la crescita della rete.<\/p><\/li><li><p>La Piattaforma \u00e8 fornita <strong>&#8220;cos\u00ec com&#8217;\u00e8&#8221;<\/strong>. Non siamo responsabili di eventuali perdite derivanti dall&#8217;uso della piattaforma, inclusa la perdita di dati o l&#8217;interruzione dell&#8217;attivit\u00e0.<\/p><\/li><\/ul><h3>9. Consenso per l&#8217;Utilizzo dei Dati nell&#8217;Addestramento dell&#8217;IA<\/h3><p>Utilizzando la Piattaforma, l&#8217;Utente concede a Spinlegacy Unipessoal LDA il pieno consenso, non esclusivo, mondiale e esente da royalty, di raccogliere, elaborare e utilizzare tutte le informazioni e i dati inseriti, generati o trasmessi attraverso la Piattaforma \u2014 inclusi, a titolo esemplificativo ma non esaustivo, dati su lead, membri, note, comunicazioni (tramite WhatsApp, SMS, email o altri sistemi di messaggistica integrati) e l&#8217;attivit\u00e0 di altri utenti collegati all&#8217;organizzazione dell&#8217;Utente \u2014 al solo scopo di addestrare e migliorare i sistemi di intelligenza artificiale che potenziano le prestazioni, la personalizzazione e le funzionalit\u00e0 di automazione della piattaforma UpMLM. Tale elaborazione \u00e8 strettamente limitata alle finalit\u00e0 di miglioramento del servizio e pu\u00f2 anche avvantaggiare altri utenti di UpMLM, senza mai divulgare o rendere identificabili all&#8217;esterno dati personali o riservati. Tutta l&#8217;elaborazione dei dati sar\u00e0 conforme alle leggi sulla protezione dei dati applicabili, incluso il GDPR, e sar\u00e0 gestita con adeguate misure di sicurezza e anonimizzazione.<\/p><hr \/><h3>10. Supporto<\/h3><ul><li><p>Il supporto \u00e8 fornito tramite <strong>email<\/strong> (<a href=\"mailto:client@upmlm.com\">client@upmlm.com<\/a>) dalle <strong>9:00 alle 17:00 CET<\/strong>.<\/p><\/li><li><p>\u00c8 disponibile un <strong>supporto prioritario<\/strong> per i clienti paganti.<\/p><\/li><\/ul><hr \/><h3>11. Legge Applicabile e Foro Competente<\/h3><ul><li><p>Questi Termini sono regolati dalle leggi del <strong>Portogallo<\/strong>.<\/p><\/li><li><p>Eventuali controversie legali saranno risolte dai tribunali di <strong>Oliveira do Bairro, Portogallo<\/strong>.<\/p><\/li><\/ul><hr \/><p>Utilizzando la piattaforma UpMLM, l&#8217;utente riconosce di aver letto, compreso e accettato questi Termini e Condizioni.<\/p><p>Per domande o dubbi, si prega di contattare: <strong><a href=\"mailto:client@upmlm.com\">client@upmlm.com<\/a><\/strong><\/p>\t\t\t\t\t\t\t\t<\/div>\n\t\t\t\t\t<\/div>\n\t\t\t\t<\/div>\n\t\t\t\t<\/div>\n\t\t","protected":false},"excerpt":{"rendered":"<p>Termini e Condizioni di Utilizzo Ultimo aggiornamento: 05-09-2025 Questi Termini e Condizioni (&#8220;Termini&#8221;) regolano l&#8217;accesso e l&#8217;utilizzo della piattaforma UpMLM, di propriet\u00e0 e gestita da Spinlegacy Unipessoal LDA, una societ\u00e0 registrata in Portogallo con NIF PT517378108, con sede legale in Aveiro, Portogallo. Accedendo o utilizzando il nostro sito web e i nostri servizi (&#8220;Piattaforma&#8221;), l&#8217;utente [&hellip;]<\/p>\n","protected":false},"author":1,"featured_media":0,"parent":0,"menu_order":0,"comment_status":"closed","ping_status":"closed","template":"elementor_header_footer","meta":{"_acf_changed":false,"footnotes":""},"class_list":["post-20","page","type-page","status-publish","hentry"],"acf":[],"yoast_head":"<!-- This site is optimized with the Yoast SEO plugin v27.3 - https:\/\/yoast.com\/product\/yoast-seo-wordpress\/ -->\n<title>Termini e Condizioni di Utilizzo - it_IT<\/title>\n<meta name=\"robots\" content=\"index, follow, max-snippet:-1, max-image-preview:large, max-video-preview:-1\" \/>\n<link rel=\"canonical\" href=\"https:\/\/upmlm.com\/it_it\/terms\/\" \/>\n<meta property=\"og:locale\" content=\"en_US\" \/>\n<meta property=\"og:type\" content=\"article\" \/>\n<meta property=\"og:title\" content=\"Termini e Condizioni di Utilizzo - it_IT\" \/>\n<meta property=\"og:description\" content=\"Termini e Condizioni di Utilizzo Ultimo aggiornamento: 05-09-2025 Questi Termini e Condizioni (&#8220;Termini&#8221;) regolano l&#8217;accesso e l&#8217;utilizzo della piattaforma UpMLM, di propriet\u00e0 e gestita da Spinlegacy Unipessoal LDA, una societ\u00e0 registrata in Portogallo con NIF PT517378108, con sede legale in Aveiro, Portogallo. Accedendo o utilizzando il nostro sito web e i nostri servizi (&#8220;Piattaforma&#8221;), l&#8217;utente [&hellip;]\" \/>\n<meta property=\"og:url\" content=\"https:\/\/upmlm.com\/it_it\/terms\/\" \/>\n<meta property=\"og:site_name\" content=\"it_IT\" \/>\n<meta property=\"article:modified_time\" content=\"2026-03-08T10:46:41+00:00\" \/>\n<meta name=\"twitter:card\" content=\"summary_large_image\" \/>\n<meta name=\"twitter:label1\" content=\"Est. reading time\" \/>\n\t<meta name=\"twitter:data1\" content=\"3 minutes\" \/>\n<script type=\"application\/ld+json\" class=\"yoast-schema-graph\">{\"@context\":\"https:\\\/\\\/schema.org\",\"@graph\":[{\"@type\":\"WebPage\",\"@id\":\"https:\\\/\\\/upmlm.com\\\/it_it\\\/terms\\\/\",\"url\":\"https:\\\/\\\/upmlm.com\\\/it_it\\\/terms\\\/\",\"name\":\"Termini e Condizioni di Utilizzo - it_IT\",\"isPartOf\":{\"@id\":\"https:\\\/\\\/upmlm.com\\\/it_it\\\/#website\"},\"datePublished\":\"2025-09-05T10:57:12+00:00\",\"dateModified\":\"2026-03-08T10:46:41+00:00\",\"breadcrumb\":{\"@id\":\"https:\\\/\\\/upmlm.com\\\/it_it\\\/terms\\\/#breadcrumb\"},\"inLanguage\":\"en-US\",\"potentialAction\":[{\"@type\":\"ReadAction\",\"target\":[\"https:\\\/\\\/upmlm.com\\\/it_it\\\/terms\\\/\"]}]},{\"@type\":\"BreadcrumbList\",\"@id\":\"https:\\\/\\\/upmlm.com\\\/it_it\\\/terms\\\/#breadcrumb\",\"itemListElement\":[{\"@type\":\"ListItem\",\"position\":1,\"name\":\"Home\",\"item\":\"https:\\\/\\\/upmlm.com\\\/it_it\\\/\"},{\"@type\":\"ListItem\",\"position\":2,\"name\":\"Termini e Condizioni di Utilizzo\"}]},{\"@type\":\"WebSite\",\"@id\":\"https:\\\/\\\/upmlm.com\\\/it_it\\\/#website\",\"url\":\"https:\\\/\\\/upmlm.com\\\/it_it\\\/\",\"name\":\"it_IT\",\"description\":\"The CRM Built by MLM Leaders for MLM Leaders\",\"publisher\":{\"@id\":\"https:\\\/\\\/upmlm.com\\\/it_it\\\/#organization\"},\"potentialAction\":[{\"@type\":\"SearchAction\",\"target\":{\"@type\":\"EntryPoint\",\"urlTemplate\":\"https:\\\/\\\/upmlm.com\\\/it_it\\\/?s={search_term_string}\"},\"query-input\":{\"@type\":\"PropertyValueSpecification\",\"valueRequired\":true,\"valueName\":\"search_term_string\"}}],\"inLanguage\":\"en-US\"},{\"@type\":\"Organization\",\"@id\":\"https:\\\/\\\/upmlm.com\\\/it_it\\\/#organization\",\"name\":\"it_IT\",\"url\":\"https:\\\/\\\/upmlm.com\\\/it_it\\\/\",\"logo\":{\"@type\":\"ImageObject\",\"inLanguage\":\"en-US\",\"@id\":\"https:\\\/\\\/upmlm.com\\\/it_it\\\/#\\\/schema\\\/logo\\\/image\\\/\",\"url\":\"https:\\\/\\\/upmlm.com\\\/it_it\\\/wp-content\\\/uploads\\\/sites\\\/65\\\/2025\\\/09\\\/logo-1.png\",\"contentUrl\":\"https:\\\/\\\/upmlm.com\\\/it_it\\\/wp-content\\\/uploads\\\/sites\\\/65\\\/2025\\\/09\\\/logo-1.png\",\"width\":300,\"height\":90,\"caption\":\"it_IT\"},\"image\":{\"@id\":\"https:\\\/\\\/upmlm.com\\\/it_it\\\/#\\\/schema\\\/logo\\\/image\\\/\"}}]}<\/script>\n<!-- \/ Yoast SEO plugin. -->","yoast_head_json":{"title":"Termini e Condizioni di Utilizzo - it_IT","robots":{"index":"index","follow":"follow","max-snippet":"max-snippet:-1","max-image-preview":"max-image-preview:large","max-video-preview":"max-video-preview:-1"},"canonical":"https:\/\/upmlm.com\/it_it\/terms\/","og_locale":"en_US","og_type":"article","og_title":"Termini e Condizioni di Utilizzo - it_IT","og_description":"Termini e Condizioni di Utilizzo Ultimo aggiornamento: 05-09-2025 Questi Termini e Condizioni (&#8220;Termini&#8221;) regolano l&#8217;accesso e l&#8217;utilizzo della piattaforma UpMLM, di propriet\u00e0 e gestita da Spinlegacy Unipessoal LDA, una societ\u00e0 registrata in Portogallo con NIF PT517378108, con sede legale in Aveiro, Portogallo. Accedendo o utilizzando il nostro sito web e i nostri servizi (&#8220;Piattaforma&#8221;), l&#8217;utente [&hellip;]","og_url":"https:\/\/upmlm.com\/it_it\/terms\/","og_site_name":"it_IT","article_modified_time":"2026-03-08T10:46:41+00:00","twitter_card":"summary_large_image","twitter_misc":{"Est. reading time":"3 minutes"},"schema":{"@context":"https:\/\/schema.org","@graph":[{"@type":"WebPage","@id":"https:\/\/upmlm.com\/it_it\/terms\/","url":"https:\/\/upmlm.com\/it_it\/terms\/","name":"Termini e Condizioni di Utilizzo - it_IT","isPartOf":{"@id":"https:\/\/upmlm.com\/it_it\/#website"},"datePublished":"2025-09-05T10:57:12+00:00","dateModified":"2026-03-08T10:46:41+00:00","breadcrumb":{"@id":"https:\/\/upmlm.com\/it_it\/terms\/#breadcrumb"},"inLanguage":"en-US","potentialAction":[{"@type":"ReadAction","target":["https:\/\/upmlm.com\/it_it\/terms\/"]}]},{"@type":"BreadcrumbList","@id":"https:\/\/upmlm.com\/it_it\/terms\/#breadcrumb","itemListElement":[{"@type":"ListItem","position":1,"name":"Home","item":"https:\/\/upmlm.com\/it_it\/"},{"@type":"ListItem","position":2,"name":"Termini e Condizioni di Utilizzo"}]},{"@type":"WebSite","@id":"https:\/\/upmlm.com\/it_it\/#website","url":"https:\/\/upmlm.com\/it_it\/","name":"it_IT","description":"The CRM Built by MLM Leaders for MLM Leaders","publisher":{"@id":"https:\/\/upmlm.com\/it_it\/#organization"},"potentialAction":[{"@type":"SearchAction","target":{"@type":"EntryPoint","urlTemplate":"https:\/\/upmlm.com\/it_it\/?s={search_term_string}"},"query-input":{"@type":"PropertyValueSpecification","valueRequired":true,"valueName":"search_term_string"}}],"inLanguage":"en-US"},{"@type":"Organization","@id":"https:\/\/upmlm.com\/it_it\/#organization","name":"it_IT","url":"https:\/\/upmlm.com\/it_it\/","logo":{"@type":"ImageObject","inLanguage":"en-US","@id":"https:\/\/upmlm.com\/it_it\/#\/schema\/logo\/image\/","url":"https:\/\/upmlm.com\/it_it\/wp-content\/uploads\/sites\/65\/2025\/09\/logo-1.png","contentUrl":"https:\/\/upmlm.com\/it_it\/wp-content\/uploads\/sites\/65\/2025\/09\/logo-1.png","width":300,"height":90,"caption":"it_IT"},"image":{"@id":"https:\/\/upmlm.com\/it_it\/#\/schema\/logo\/image\/"}}]}},"_links":{"self":[{"href":"https:\/\/upmlm.com\/it_it\/wp-json\/wp\/v2\/pages\/20","targetHints":{"allow":["GET"]}}],"collection":[{"href":"https:\/\/upmlm.com\/it_it\/wp-json\/wp\/v2\/pages"}],"about":[{"href":"https:\/\/upmlm.com\/it_it\/wp-json\/wp\/v2\/types\/page"}],"author":[{"embeddable":true,"href":"https:\/\/upmlm.com\/it_it\/wp-json\/wp\/v2\/users\/1"}],"replies":[{"embeddable":true,"href":"https:\/\/upmlm.com\/it_it\/wp-json\/wp\/v2\/comments?post=20"}],"version-history":[{"count":10,"href":"https:\/\/upmlm.com\/it_it\/wp-json\/wp\/v2\/pages\/20\/revisions"}],"predecessor-version":[{"id":3344,"href":"https:\/\/upmlm.com\/it_it\/wp-json\/wp\/v2\/pages\/20\/revisions\/3344"}],"wp:attachment":[{"href":"https:\/\/upmlm.com\/it_it\/wp-json\/wp\/v2\/media?parent=20"}],"curies":[{"name":"wp","href":"https:\/\/api.w.org\/{rel}","templated":true}]}}