{"id":14,"date":"2025-09-05T10:55:03","date_gmt":"2025-09-05T10:55:03","guid":{"rendered":"https:\/\/upmlm.com\/hu_hu\/?page_id=14"},"modified":"2026-03-08T10:45:36","modified_gmt":"2026-03-08T10:45:36","slug":"privacy","status":"publish","type":"page","link":"https:\/\/upmlm.com\/hu_hu\/privacy\/","title":{"rendered":"Adatv\u00e9delmi ir\u00e1nyelvek"},"content":{"rendered":"\t\t<div data-elementor-type=\"wp-page\" data-elementor-id=\"14\" class=\"elementor elementor-14\" data-elementor-post-type=\"page\">\n\t\t\t\t<div class=\"elementor-element elementor-element-1104e9bb e-flex e-con-boxed e-con e-parent\" data-id=\"1104e9bb\" data-element_type=\"container\" data-e-type=\"container\">\n\t\t\t\t\t<div class=\"e-con-inner\">\n\t\t\t\t<div class=\"elementor-element elementor-element-1d9177b4 elementor-widget elementor-widget-text-editor\" data-id=\"1d9177b4\" data-element_type=\"widget\" data-e-type=\"widget\" data-widget_type=\"text-editor.default\">\n\t\t\t\t\t\t\t\t\t\n<p><strong>Adatv\u00e9delmi ir\u00e1nyelvek<\/strong><\/p>\n<p><em>Utolj\u00e1ra friss\u00edtve: 2025.09.05.<\/em><\/p>\n<p>Ez az Adatv\u00e9delmi ir\u00e1nyelvek magyar\u00e1zza el, hogy a Spinlegacy Unipessoal LDA (&#8220;mi&#8221;, &#8220;nek\u00fcnk&#8221;, &#8220;minket&#8221;) hogyan gy\u0171jti, haszn\u00e1lja \u00e9s v\u00e9di szem\u00e9lyes adatait, amikor az UpMLM platformot (&#8220;Platform&#8221;) haszn\u00e1lja.<\/p>\n<p>Az UpMLM haszn\u00e1lat\u00e1val elfogadja ezt az ir\u00e1nyelvet.<\/p>\n<div contenteditable=\"false\"><hr \/><\/div>\n<h3>1. Adatkezel\u0151<\/h3>\n<ul data-spread=\"false\">\n<li>\n<p><strong>C\u00e9gn\u00e9v<\/strong>: Spinlegacy Unipessoal LDA<\/p>\n<\/li>\n<li>\n<p><strong>Ad\u00f3sz\u00e1m (NIF)<\/strong>: PT517378108<\/p>\n<\/li>\n<li>\n<p><strong>Sz\u00e9khely<\/strong>: Aveiro, Portug\u00e1lia<\/p>\n<\/li>\n<li>\n<p><strong>E-mail c\u00edm<\/strong>: <a>client@upmlm.com<\/a><\/p>\n<\/li>\n<\/ul>\n<div contenteditable=\"false\"><hr \/><\/div>\n<h3>2. Az \u00e1ltalunk gy\u0171jt\u00f6tt adatok<\/h3>\n<p>A k\u00f6vetkez\u0151 adatokat gy\u0171jtj\u00fck, amikor fi\u00f3kot hoz l\u00e9tre:<\/p>\n<ul data-spread=\"false\">\n<li>\n<p>N\u00e9v<\/p>\n<\/li>\n<li>\n<p>E-mail c\u00edm<\/p>\n<\/li>\n<\/ul>\n<p>Ezenk\u00edv\u00fcl a platform haszn\u00e1lata sor\u00e1n a k\u00f6vetkez\u0151 opcion\u00e1lis vagy funkcion\u00e1lis adatok ker\u00fclhetnek t\u00e1rol\u00e1sra:<\/p>\n<ul data-spread=\"false\">\n<li>\n<p>Az \u00d6n \u00e1ltal megadott kapcsolatok\/\u00e9rdekl\u0151d\u0151k<\/p>\n<\/li>\n<li>\n<p>Az \u00d6n \u00e1ltal l\u00e9trehozott k\u00e9pz\u00e9sek<\/p>\n<\/li>\n<li>\n<p>Az e-mail\/WhatsApp\/SMS \u00fatj\u00e1n k\u00fcld\u00f6tt \u00fczenetei<\/p>\n<\/li>\n<li>\n<p>H\u00e1l\u00f3zati strukt\u00far\u00e1k (felt\u00f6ltve vagy manu\u00e1lisan l\u00e9trehozva)<\/p>\n<\/li>\n<li>\n<p>Tervez\u0151 feladatok \u00e9s jegyzetek<\/p>\n<\/li>\n<\/ul>\n<p><strong>Nem gy\u0171jt\u00fcnk<\/strong> \u00e9rz\u00e9keny szem\u00e9lyes adatokat, kiv\u00e9ve, ha \u00d6n kifejezetten megadja azokat a platformon.<\/p>\n<div contenteditable=\"false\"><hr \/><\/div>\n<h3>3. Hogyan haszn\u00e1ljuk fel adatait<\/h3>\n<p>Adatait a k\u00f6vetkez\u0151kre haszn\u00e1ljuk:<\/p>\n<ul data-spread=\"false\">\n<li>\n<p>Az UpMLM platform biztos\u00edt\u00e1sa \u00e9s fejleszt\u00e9se<\/p>\n<\/li>\n<li>\n<p>Kommunik\u00e1ci\u00f3 \u00d6nnel fi\u00f3kj\u00e1val \u00e9s friss\u00edt\u00e9sekkel kapcsolatban<\/p>\n<\/li>\n<li>\n<p>Bevezet\u0151 anyagok vagy h\u00edrlevelek k\u00fcld\u00e9se (az \u00d6n hozz\u00e1j\u00e1rul\u00e1s\u00e1val)<\/p>\n<\/li>\n<li>\n<p>T\u00e1mogat\u00e1si k\u00e9r\u00e9sek megv\u00e1laszol\u00e1sa<\/p>\n<\/li>\n<li>\n<p>A platform funkcionalit\u00e1s\u00e1nak biztos\u00edt\u00e1sa (pl. \u00e9rdekl\u0151d\u0151 r\u00f6gz\u00edt\u00e9s, \u00fczenetk\u00fcld\u00e9s, automatiz\u00e1l\u00e1sok)<\/p>\n<\/li>\n<\/ul>\n<p>Adatait <strong>nem<\/strong> adjuk el vagy osztjuk meg harmadik felekkel marketing c\u00e9lokra.<\/p>\n<div contenteditable=\"false\"><hr \/><\/div>\n<h3>4. Az adatfeldolgoz\u00e1s jogalapja<\/h3>\n<p>Adatait a k\u00f6vetkez\u0151k alapj\u00e1n dolgozzuk fel:<\/p>\n<ul data-spread=\"false\">\n<li>\n<p>Az \u00d6n hozz\u00e1j\u00e1rul\u00e1sa<\/p>\n<\/li>\n<li>\n<p>Szerz\u0151d\u00e9ses k\u00f6telezetts\u00e9geink, amikor fizet\u0151s csomagokra iratkozik fel<\/p>\n<\/li>\n<li>\n<p>Jogos \u00e9rdek\u00fcnk szolg\u00e1ltat\u00e1saink fejleszt\u00e9s\u00e9ben<\/p>\n<\/li>\n<\/ul>\n<div contenteditable=\"false\"><hr \/><\/div>\n<h3>5. Adatmegoszt\u00e1s<\/h3>\n<p><strong>Nem<\/strong> osztjuk meg szem\u00e9lyes adatait harmadik felekkel, kiv\u00e9ve:<\/p>\n<ul data-spread=\"false\">\n<li>\n<p>A fizet\u00e9sfeldolgoz\u00e1shoz sz\u00fcks\u00e9ges szolg\u00e1ltat\u00f3kkal (pl. Stripe)<\/p>\n<\/li>\n<li>\n<p>Ha ezt a jogszab\u00e1ly el\u0151\u00edrja<\/p>\n<\/li>\n<\/ul>\n<div contenteditable=\"false\"><hr \/><\/div>\n<h3>6. Adatmeg\u0151rz\u00e9s<\/h3>\n<ul data-spread=\"false\">\n<li>\n<p>Adatait addig \u0151rizz\u00fck, am\u00edg fi\u00f3kja akt\u00edv marad.<\/p>\n<\/li>\n<li>\n<p>Fi\u00f3kja t\u00f6rl\u00e9sekor az adatokat biztons\u00e1gosan elt\u00e1vol\u00edtjuk, kiv\u00e9ve, ha jogi okokb\u00f3l sz\u00fcks\u00e9ges meg\u0151rizni \u0151ket.<\/p>\n<\/li>\n<\/ul>\n<div contenteditable=\"false\"><hr \/><\/div>\n<h3>7. Adatbiztons\u00e1g<\/h3>\n<ul data-spread=\"false\">\n<li>\n<p>Minden adat titkos\u00edtott adatb\u00e1zisokban van biztons\u00e1gosan t\u00e1rolva.<\/p>\n<\/li>\n<li>\n<p>A tartalm\u00e1hoz val\u00f3 hozz\u00e1f\u00e9r\u00e9s kiz\u00e1r\u00f3lag az \u00d6n fi\u00f3kj\u00e1ra korl\u00e1toz\u00f3dik.<\/p>\n<\/li>\n<\/ul>\n<div contenteditable=\"false\"><hr \/><\/div>\n<h3>8. Adatok felhaszn\u00e1l\u00e1sa mesters\u00e9ges intelligencia k\u00e9pz\u00e9sre \u00e9s szolg\u00e1ltat\u00e1sfejleszt\u00e9sre<\/h3>\n<p data-start=\"0\" data-end=\"483\">Az UpMLM gy\u0171jthet \u00e9s feldolgozhat olyan inform\u00e1ci\u00f3kat \u00e9s tartalmakat, amelyeket a felhaszn\u00e1l\u00f3k a platformon bel\u00fcl adnak meg vagy hoznak l\u00e9tre \u2013 bele\u00e9rtve az \u00e9rdekl\u0151d\u0151kkel, tagokkal, jegyzetekkel, bels\u0151 kommunik\u00e1ci\u00f3val (p\u00e9ld\u00e1ul WhatsApp, SMS vagy e-mail integr\u00e1ci\u00f3k) \u00e9s azonos szervezethez kapcsol\u00f3d\u00f3 felhaszn\u00e1l\u00f3k tev\u00e9kenys\u00e9g\u00e9vel kapcsolatos adatokat \u2013 kiz\u00e1r\u00f3lag azon mesters\u00e9ges intelligencia rendszerek k\u00e9pz\u00e9s\u00e9nek \u00e9s fejleszt\u00e9s\u00e9nek c\u00e9lj\u00e1b\u00f3l, amelyek t\u00e1mogatj\u00e1k \u00e9s jav\u00edtj\u00e1k a platform funkci\u00f3it.<\/p>\n<p data-start=\"485\" data-end=\"912\" data-is-last-node=\"\" data-is-only-node=\"\">Ez a feldolgoz\u00e1s az UpMLM szolg\u00e1ltat\u00e1s automatiz\u00e1l\u00e1s\u00e1nak, szem\u00e9lyre szab\u00e1s\u00e1nak \u00e9s teljes\u00edtm\u00e9ny\u00e9nek optimaliz\u00e1l\u00e1s\u00e1t c\u00e9lozza mind az egy\u00e9ni felhaszn\u00e1l\u00f3, mind a teljes felhaszn\u00e1l\u00f3i b\u00e1zis sz\u00e1m\u00e1ra. E c\u00e9lokra felhaszn\u00e1lt \u00f6sszes adatot az \u00c1ltal\u00e1nos Adatv\u00e9delmi Rendelet (GDPR) szerint kezelj\u00fck, szigor\u00fa anonimiz\u00e1l\u00e1si \u00e9s biztons\u00e1gi int\u00e9zked\u00e9seket alkalmazva annak biztos\u00edt\u00e1s\u00e1ra, hogy semmilyen szem\u00e9lyes vagy bizalmas inform\u00e1ci\u00f3 ne ker\u00fclj\u00f6n nyilv\u00e1noss\u00e1gra vagy ne legyen azonos\u00edthat\u00f3 a platformon k\u00edv\u00fcl.<\/p>\n<h3>9. \u00d6n jogai<\/h3>\n<p>Joga van:<\/p>\n<ul data-spread=\"false\">\n<li>\n<p>Hozz\u00e1f\u00e9rni szem\u00e9lyes adataihoz, azokat helyesb\u00edteni vagy t\u00f6r\u00f6lni<\/p>\n<\/li>\n<li>\n<p>Hozz\u00e1j\u00e1rul\u00e1s\u00e1t b\u00e1rmikor visszavonni<\/p>\n<\/li>\n<li>\n<p>Panaszt beny\u00fajtani egy adatv\u00e9delmi hat\u00f3s\u00e1ghoz<\/p>\n<\/li>\n<\/ul>\n<p>Jogai \u00e9rv\u00e9nyes\u00edt\u00e9s\u00e9hez l\u00e9pjen kapcsolatba vel\u00fcnk a k\u00f6vetkez\u0151 c\u00edmen: <a><strong>client@upmlm.com<\/strong><\/a><\/p>\n<div contenteditable=\"false\"><hr \/><\/div>\n<h3>10. Nemzetk\u00f6zi felhaszn\u00e1l\u00f3k<\/h3>\n<p>Platformunk az EU-ban m\u0171k\u00f6dik \u00e9s megfelel az <strong>GDPR<\/strong>-nek. Ha az EU-n k\u00edv\u00fclr\u0151l \u00e9ri el a platformot, hozz\u00e1j\u00e1rul adatainak Portug\u00e1li\u00e1ban t\u00f6rt\u00e9n\u0151 \u00e1tvitel\u00e9hez \u00e9s feldolgoz\u00e1s\u00e1hoz.<\/p>\n<div contenteditable=\"false\"><hr \/><\/div>\n<h3>11. Az ir\u00e1nyelv friss\u00edt\u00e9sei<\/h3>\n<p>Friss\u00edthetj\u00fck ezt az Adatv\u00e9delmi ir\u00e1nyelveket, hogy t\u00fckr\u00f6zz\u00e9k a platform vagy jogi v\u00e1ltoz\u00e1sokat. E-mailben vagy platform \u00e9rtes\u00edt\u00e9sen kereszt\u00fcl \u00e9rtes\u00edtj\u00fck a felhaszn\u00e1l\u00f3kat.<\/p>\n<p>\u00a0<\/p>\n\t\t\t\t\t\t\t\t<\/div>\n\t\t\t\t\t<\/div>\n\t\t\t\t<\/div>\n\t\t\t\t<\/div>\n\t\t","protected":false},"excerpt":{"rendered":"<p>Adatv\u00e9delmi ir\u00e1nyelvek Utolj\u00e1ra friss\u00edtve: 2025.09.05. Ez az Adatv\u00e9delmi ir\u00e1nyelvek magyar\u00e1zza el, hogy a Spinlegacy Unipessoal LDA (&#8220;mi&#8221;, &#8220;minket&#8221; vagy &#8220;a mi&#8221;) hogyan gy\u0171jti, haszn\u00e1lja \u00e9s v\u00e9di szem\u00e9lyes adatait, amikor az UpMLM platformot (&#8220;Platform&#8221;) haszn\u00e1lja. Az UpMLM haszn\u00e1lat\u00e1val \u00d6n elfogadja ezt az ir\u00e1nyelvet. 1. Adatkezel\u0151 C\u00e9gn\u00e9v: Spinlegacy Unipessoal LDA Ad\u00f3sz\u00e1m (NIF): PT517378108 Sz\u00e9khely: Aveiro, Portug\u00e1lia E-mail [&hellip;]<\/p>\n","protected":false},"author":1,"featured_media":0,"parent":0,"menu_order":0,"comment_status":"closed","ping_status":"closed","template":"elementor_header_footer","meta":{"_acf_changed":false,"footnotes":""},"class_list":["post-14","page","type-page","status-publish","hentry"],"acf":[],"yoast_head":"<!-- This site is optimized with the Yoast SEO plugin v27.3 - https:\/\/yoast.com\/product\/yoast-seo-wordpress\/ -->\n<title>Adatv\u00e9delmi ir\u00e1nyelvek - hu_HU<\/title>\n<meta name=\"robots\" content=\"index, follow, max-snippet:-1, max-image-preview:large, max-video-preview:-1\" \/>\n<link rel=\"canonical\" href=\"https:\/\/upmlm.com\/hu_hu\/privacy\/\" \/>\n<meta property=\"og:locale\" content=\"en_US\" \/>\n<meta property=\"og:type\" content=\"article\" \/>\n<meta property=\"og:title\" content=\"Adatv\u00e9delmi ir\u00e1nyelvek - hu_HU\" \/>\n<meta property=\"og:description\" content=\"Adatv\u00e9delmi ir\u00e1nyelvek Utolj\u00e1ra friss\u00edtve: 2025.09.05. Ez az Adatv\u00e9delmi ir\u00e1nyelvek magyar\u00e1zza el, hogy a Spinlegacy Unipessoal LDA (&#8220;mi&#8221;, &#8220;minket&#8221; vagy &#8220;a mi&#8221;) hogyan gy\u0171jti, haszn\u00e1lja \u00e9s v\u00e9di szem\u00e9lyes adatait, amikor az UpMLM platformot (&#8220;Platform&#8221;) haszn\u00e1lja. Az UpMLM haszn\u00e1lat\u00e1val \u00d6n elfogadja ezt az ir\u00e1nyelvet. 1. Adatkezel\u0151 C\u00e9gn\u00e9v: Spinlegacy Unipessoal LDA Ad\u00f3sz\u00e1m (NIF): PT517378108 Sz\u00e9khely: Aveiro, Portug\u00e1lia E-mail [&hellip;]\" \/>\n<meta property=\"og:url\" content=\"https:\/\/upmlm.com\/hu_hu\/privacy\/\" \/>\n<meta property=\"og:site_name\" content=\"hu_HU\" \/>\n<meta property=\"article:modified_time\" content=\"2026-03-08T10:45:36+00:00\" \/>\n<meta name=\"twitter:card\" content=\"summary_large_image\" \/>\n<meta name=\"twitter:label1\" content=\"Est. reading time\" \/>\n\t<meta name=\"twitter:data1\" content=\"3 minutes\" \/>\n<script type=\"application\/ld+json\" class=\"yoast-schema-graph\">{\"@context\":\"https:\\\/\\\/schema.org\",\"@graph\":[{\"@type\":\"WebPage\",\"@id\":\"https:\\\/\\\/upmlm.com\\\/hu_hu\\\/privacy\\\/\",\"url\":\"https:\\\/\\\/upmlm.com\\\/hu_hu\\\/privacy\\\/\",\"name\":\"Adatv\u00e9delmi ir\u00e1nyelvek - hu_HU\",\"isPartOf\":{\"@id\":\"https:\\\/\\\/upmlm.com\\\/hu_hu\\\/#website\"},\"datePublished\":\"2025-09-05T10:55:03+00:00\",\"dateModified\":\"2026-03-08T10:45:36+00:00\",\"breadcrumb\":{\"@id\":\"https:\\\/\\\/upmlm.com\\\/hu_hu\\\/privacy\\\/#breadcrumb\"},\"inLanguage\":\"en-US\",\"potentialAction\":[{\"@type\":\"ReadAction\",\"target\":[\"https:\\\/\\\/upmlm.com\\\/hu_hu\\\/privacy\\\/\"]}]},{\"@type\":\"BreadcrumbList\",\"@id\":\"https:\\\/\\\/upmlm.com\\\/hu_hu\\\/privacy\\\/#breadcrumb\",\"itemListElement\":[{\"@type\":\"ListItem\",\"position\":1,\"name\":\"Home\",\"item\":\"https:\\\/\\\/upmlm.com\\\/hu_hu\\\/\"},{\"@type\":\"ListItem\",\"position\":2,\"name\":\"Adatv\u00e9delmi ir\u00e1nyelvek\"}]},{\"@type\":\"WebSite\",\"@id\":\"https:\\\/\\\/upmlm.com\\\/hu_hu\\\/#website\",\"url\":\"https:\\\/\\\/upmlm.com\\\/hu_hu\\\/\",\"name\":\"hu_HU\",\"description\":\"The CRM Built by MLM Leaders for MLM Leaders\",\"publisher\":{\"@id\":\"https:\\\/\\\/upmlm.com\\\/hu_hu\\\/#organization\"},\"potentialAction\":[{\"@type\":\"SearchAction\",\"target\":{\"@type\":\"EntryPoint\",\"urlTemplate\":\"https:\\\/\\\/upmlm.com\\\/hu_hu\\\/?s={search_term_string}\"},\"query-input\":{\"@type\":\"PropertyValueSpecification\",\"valueRequired\":true,\"valueName\":\"search_term_string\"}}],\"inLanguage\":\"en-US\"},{\"@type\":\"Organization\",\"@id\":\"https:\\\/\\\/upmlm.com\\\/hu_hu\\\/#organization\",\"name\":\"hu_HU\",\"url\":\"https:\\\/\\\/upmlm.com\\\/hu_hu\\\/\",\"logo\":{\"@type\":\"ImageObject\",\"inLanguage\":\"en-US\",\"@id\":\"https:\\\/\\\/upmlm.com\\\/hu_hu\\\/#\\\/schema\\\/logo\\\/image\\\/\",\"url\":\"https:\\\/\\\/upmlm.com\\\/hu_hu\\\/wp-content\\\/uploads\\\/sites\\\/63\\\/2025\\\/09\\\/logo-1.png\",\"contentUrl\":\"https:\\\/\\\/upmlm.com\\\/hu_hu\\\/wp-content\\\/uploads\\\/sites\\\/63\\\/2025\\\/09\\\/logo-1.png\",\"width\":300,\"height\":90,\"caption\":\"hu_HU\"},\"image\":{\"@id\":\"https:\\\/\\\/upmlm.com\\\/hu_hu\\\/#\\\/schema\\\/logo\\\/image\\\/\"}}]}<\/script>\n<!-- \/ Yoast SEO plugin. -->","yoast_head_json":{"title":"Adatv\u00e9delmi ir\u00e1nyelvek - hu_HU","robots":{"index":"index","follow":"follow","max-snippet":"max-snippet:-1","max-image-preview":"max-image-preview:large","max-video-preview":"max-video-preview:-1"},"canonical":"https:\/\/upmlm.com\/hu_hu\/privacy\/","og_locale":"en_US","og_type":"article","og_title":"Adatv\u00e9delmi ir\u00e1nyelvek - hu_HU","og_description":"Adatv\u00e9delmi ir\u00e1nyelvek Utolj\u00e1ra friss\u00edtve: 2025.09.05. Ez az Adatv\u00e9delmi ir\u00e1nyelvek magyar\u00e1zza el, hogy a Spinlegacy Unipessoal LDA (&#8220;mi&#8221;, &#8220;minket&#8221; vagy &#8220;a mi&#8221;) hogyan gy\u0171jti, haszn\u00e1lja \u00e9s v\u00e9di szem\u00e9lyes adatait, amikor az UpMLM platformot (&#8220;Platform&#8221;) haszn\u00e1lja. Az UpMLM haszn\u00e1lat\u00e1val \u00d6n elfogadja ezt az ir\u00e1nyelvet. 1. Adatkezel\u0151 C\u00e9gn\u00e9v: Spinlegacy Unipessoal LDA Ad\u00f3sz\u00e1m (NIF): PT517378108 Sz\u00e9khely: Aveiro, Portug\u00e1lia E-mail [&hellip;]","og_url":"https:\/\/upmlm.com\/hu_hu\/privacy\/","og_site_name":"hu_HU","article_modified_time":"2026-03-08T10:45:36+00:00","twitter_card":"summary_large_image","twitter_misc":{"Est. reading time":"3 minutes"},"schema":{"@context":"https:\/\/schema.org","@graph":[{"@type":"WebPage","@id":"https:\/\/upmlm.com\/hu_hu\/privacy\/","url":"https:\/\/upmlm.com\/hu_hu\/privacy\/","name":"Adatv\u00e9delmi ir\u00e1nyelvek - hu_HU","isPartOf":{"@id":"https:\/\/upmlm.com\/hu_hu\/#website"},"datePublished":"2025-09-05T10:55:03+00:00","dateModified":"2026-03-08T10:45:36+00:00","breadcrumb":{"@id":"https:\/\/upmlm.com\/hu_hu\/privacy\/#breadcrumb"},"inLanguage":"en-US","potentialAction":[{"@type":"ReadAction","target":["https:\/\/upmlm.com\/hu_hu\/privacy\/"]}]},{"@type":"BreadcrumbList","@id":"https:\/\/upmlm.com\/hu_hu\/privacy\/#breadcrumb","itemListElement":[{"@type":"ListItem","position":1,"name":"Home","item":"https:\/\/upmlm.com\/hu_hu\/"},{"@type":"ListItem","position":2,"name":"Adatv\u00e9delmi ir\u00e1nyelvek"}]},{"@type":"WebSite","@id":"https:\/\/upmlm.com\/hu_hu\/#website","url":"https:\/\/upmlm.com\/hu_hu\/","name":"hu_HU","description":"The CRM Built by MLM Leaders for MLM Leaders","publisher":{"@id":"https:\/\/upmlm.com\/hu_hu\/#organization"},"potentialAction":[{"@type":"SearchAction","target":{"@type":"EntryPoint","urlTemplate":"https:\/\/upmlm.com\/hu_hu\/?s={search_term_string}"},"query-input":{"@type":"PropertyValueSpecification","valueRequired":true,"valueName":"search_term_string"}}],"inLanguage":"en-US"},{"@type":"Organization","@id":"https:\/\/upmlm.com\/hu_hu\/#organization","name":"hu_HU","url":"https:\/\/upmlm.com\/hu_hu\/","logo":{"@type":"ImageObject","inLanguage":"en-US","@id":"https:\/\/upmlm.com\/hu_hu\/#\/schema\/logo\/image\/","url":"https:\/\/upmlm.com\/hu_hu\/wp-content\/uploads\/sites\/63\/2025\/09\/logo-1.png","contentUrl":"https:\/\/upmlm.com\/hu_hu\/wp-content\/uploads\/sites\/63\/2025\/09\/logo-1.png","width":300,"height":90,"caption":"hu_HU"},"image":{"@id":"https:\/\/upmlm.com\/hu_hu\/#\/schema\/logo\/image\/"}}]}},"_links":{"self":[{"href":"https:\/\/upmlm.com\/hu_hu\/wp-json\/wp\/v2\/pages\/14","targetHints":{"allow":["GET"]}}],"collection":[{"href":"https:\/\/upmlm.com\/hu_hu\/wp-json\/wp\/v2\/pages"}],"about":[{"href":"https:\/\/upmlm.com\/hu_hu\/wp-json\/wp\/v2\/types\/page"}],"author":[{"embeddable":true,"href":"https:\/\/upmlm.com\/hu_hu\/wp-json\/wp\/v2\/users\/1"}],"replies":[{"embeddable":true,"href":"https:\/\/upmlm.com\/hu_hu\/wp-json\/wp\/v2\/comments?post=14"}],"version-history":[{"count":12,"href":"https:\/\/upmlm.com\/hu_hu\/wp-json\/wp\/v2\/pages\/14\/revisions"}],"predecessor-version":[{"id":3342,"href":"https:\/\/upmlm.com\/hu_hu\/wp-json\/wp\/v2\/pages\/14\/revisions\/3342"}],"wp:attachment":[{"href":"https:\/\/upmlm.com\/hu_hu\/wp-json\/wp\/v2\/media?parent=14"}],"curies":[{"name":"wp","href":"https:\/\/api.w.org\/{rel}","templated":true}]}}