{"id":111,"date":"2019-03-12T22:24:37","date_gmt":"2019-03-12T22:24:37","guid":{"rendered":"http:\/\/themes.thememasters.club\/tessera\/?page_id=111"},"modified":"2026-03-01T13:49:02","modified_gmt":"2026-03-01T13:49:02","slug":"all-articles","status":"publish","type":"page","link":"https:\/\/upmlm.com\/help_hu_hu\/all-articles\/","title":{"rendered":"Az \u00f6sszes tud\u00e1sb\u00e1zis-cikk"},"content":{"rendered":"","protected":false},"excerpt":{"rendered":"","protected":false},"author":1,"featured_media":0,"parent":0,"menu_order":0,"comment_status":"closed","ping_status":"closed","template":"page_template_3.php","meta":{"_acf_changed":false,"_bbp_topic_count":0,"_bbp_reply_count":0,"_bbp_total_topic_count":0,"_bbp_total_reply_count":0,"_bbp_voice_count":0,"_bbp_anonymous_reply_count":0,"_bbp_topic_count_hidden":0,"_bbp_reply_count_hidden":0,"_bbp_forum_subforum_count":0,"tessera_post_format_link":"","footnotes":""},"class_list":["post-111","page","type-page","status-publish","hentry"],"acf":[],"yoast_head":"<!-- This site is optimized with the Yoast SEO plugin v27.3 - https:\/\/yoast.com\/product\/yoast-seo-wordpress\/ -->\n<title>Az \u00f6sszes tud\u00e1sb\u00e1zis-cikk - UpMLM S\u00fag\u00f3<\/title>\n<meta name=\"robots\" content=\"index, follow, max-snippet:-1, max-image-preview:large, max-video-preview:-1\" \/>\n<link rel=\"canonical\" href=\"https:\/\/upmlm.com\/help_hu_hu\/all-articles\/\" \/>\n<meta property=\"og:locale\" content=\"en_US\" \/>\n<meta property=\"og:type\" content=\"article\" \/>\n<meta property=\"og:title\" content=\"Az \u00f6sszes tud\u00e1sb\u00e1zis-cikk - UpMLM S\u00fag\u00f3\" \/>\n<meta property=\"og:url\" content=\"https:\/\/upmlm.com\/help_hu_hu\/all-articles\/\" \/>\n<meta property=\"og:site_name\" content=\"UpMLM S\u00fag\u00f3\" \/>\n<meta property=\"article:modified_time\" content=\"2026-03-01T13:49:02+00:00\" \/>\n<meta name=\"twitter:card\" content=\"summary_large_image\" \/>\n<script type=\"application\/ld+json\" class=\"yoast-schema-graph\">{\"@context\":\"https:\\\/\\\/schema.org\",\"@graph\":[{\"@type\":\"WebPage\",\"@id\":\"https:\\\/\\\/upmlm.com\\\/help_hu_hu\\\/all-articles\\\/\",\"url\":\"https:\\\/\\\/upmlm.com\\\/help_hu_hu\\\/all-articles\\\/\",\"name\":\"Az \u00f6sszes tud\u00e1sb\u00e1zis-cikk - UpMLM S\u00fag\u00f3\",\"isPartOf\":{\"@id\":\"https:\\\/\\\/upmlm.com\\\/help_hu_hu\\\/#website\"},\"datePublished\":\"2019-03-12T22:24:37+00:00\",\"dateModified\":\"2026-03-01T13:49:02+00:00\",\"breadcrumb\":{\"@id\":\"https:\\\/\\\/upmlm.com\\\/help_hu_hu\\\/all-articles\\\/#breadcrumb\"},\"inLanguage\":\"en-US\",\"potentialAction\":[{\"@type\":\"ReadAction\",\"target\":[\"https:\\\/\\\/upmlm.com\\\/help_hu_hu\\\/all-articles\\\/\"]}]},{\"@type\":\"BreadcrumbList\",\"@id\":\"https:\\\/\\\/upmlm.com\\\/help_hu_hu\\\/all-articles\\\/#breadcrumb\",\"itemListElement\":[{\"@type\":\"ListItem\",\"position\":1,\"name\":\"Home\",\"item\":\"https:\\\/\\\/upmlm.com\\\/help_hu_hu\\\/\"},{\"@type\":\"ListItem\",\"position\":2,\"name\":\"Az \u00f6sszes tud\u00e1sb\u00e1zis-cikk\"}]},{\"@type\":\"WebSite\",\"@id\":\"https:\\\/\\\/upmlm.com\\\/help_hu_hu\\\/#website\",\"url\":\"https:\\\/\\\/upmlm.com\\\/help_hu_hu\\\/\",\"name\":\"UpMLM S\u00fag\u00f3\",\"description\":\"UpMLM tud\u00e1sb\u00e1zis \u00e9s t\u00e1mogat\u00e1si k\u00f6zpont\",\"publisher\":{\"@id\":\"https:\\\/\\\/upmlm.com\\\/help_hu_hu\\\/#organization\"},\"potentialAction\":[{\"@type\":\"SearchAction\",\"target\":{\"@type\":\"EntryPoint\",\"urlTemplate\":\"https:\\\/\\\/upmlm.com\\\/help_hu_hu\\\/?s={search_term_string}\"},\"query-input\":{\"@type\":\"PropertyValueSpecification\",\"valueRequired\":true,\"valueName\":\"search_term_string\"}}],\"inLanguage\":\"en-US\"},{\"@type\":\"Organization\",\"@id\":\"https:\\\/\\\/upmlm.com\\\/help_hu_hu\\\/#organization\",\"name\":\"UpMLM S\u00fag\u00f3\",\"url\":\"https:\\\/\\\/upmlm.com\\\/help_hu_hu\\\/\",\"logo\":{\"@type\":\"ImageObject\",\"inLanguage\":\"en-US\",\"@id\":\"https:\\\/\\\/upmlm.com\\\/help_hu_hu\\\/#\\\/schema\\\/logo\\\/image\\\/\",\"url\":\"\",\"contentUrl\":\"\",\"caption\":\"UpMLM S\u00fag\u00f3\"},\"image\":{\"@id\":\"https:\\\/\\\/upmlm.com\\\/help_hu_hu\\\/#\\\/schema\\\/logo\\\/image\\\/\"}}]}<\/script>\n<!-- \/ Yoast SEO plugin. -->","yoast_head_json":{"title":"Az \u00f6sszes tud\u00e1sb\u00e1zis-cikk - UpMLM S\u00fag\u00f3","robots":{"index":"index","follow":"follow","max-snippet":"max-snippet:-1","max-image-preview":"max-image-preview:large","max-video-preview":"max-video-preview:-1"},"canonical":"https:\/\/upmlm.com\/help_hu_hu\/all-articles\/","og_locale":"en_US","og_type":"article","og_title":"Az \u00f6sszes tud\u00e1sb\u00e1zis-cikk - UpMLM S\u00fag\u00f3","og_url":"https:\/\/upmlm.com\/help_hu_hu\/all-articles\/","og_site_name":"UpMLM S\u00fag\u00f3","article_modified_time":"2026-03-01T13:49:02+00:00","twitter_card":"summary_large_image","schema":{"@context":"https:\/\/schema.org","@graph":[{"@type":"WebPage","@id":"https:\/\/upmlm.com\/help_hu_hu\/all-articles\/","url":"https:\/\/upmlm.com\/help_hu_hu\/all-articles\/","name":"Az \u00f6sszes tud\u00e1sb\u00e1zis-cikk - UpMLM S\u00fag\u00f3","isPartOf":{"@id":"https:\/\/upmlm.com\/help_hu_hu\/#website"},"datePublished":"2019-03-12T22:24:37+00:00","dateModified":"2026-03-01T13:49:02+00:00","breadcrumb":{"@id":"https:\/\/upmlm.com\/help_hu_hu\/all-articles\/#breadcrumb"},"inLanguage":"en-US","potentialAction":[{"@type":"ReadAction","target":["https:\/\/upmlm.com\/help_hu_hu\/all-articles\/"]}]},{"@type":"BreadcrumbList","@id":"https:\/\/upmlm.com\/help_hu_hu\/all-articles\/#breadcrumb","itemListElement":[{"@type":"ListItem","position":1,"name":"Home","item":"https:\/\/upmlm.com\/help_hu_hu\/"},{"@type":"ListItem","position":2,"name":"Az \u00f6sszes tud\u00e1sb\u00e1zis-cikk"}]},{"@type":"WebSite","@id":"https:\/\/upmlm.com\/help_hu_hu\/#website","url":"https:\/\/upmlm.com\/help_hu_hu\/","name":"UpMLM S\u00fag\u00f3","description":"UpMLM tud\u00e1sb\u00e1zis \u00e9s t\u00e1mogat\u00e1si k\u00f6zpont","publisher":{"@id":"https:\/\/upmlm.com\/help_hu_hu\/#organization"},"potentialAction":[{"@type":"SearchAction","target":{"@type":"EntryPoint","urlTemplate":"https:\/\/upmlm.com\/help_hu_hu\/?s={search_term_string}"},"query-input":{"@type":"PropertyValueSpecification","valueRequired":true,"valueName":"search_term_string"}}],"inLanguage":"en-US"},{"@type":"Organization","@id":"https:\/\/upmlm.com\/help_hu_hu\/#organization","name":"UpMLM S\u00fag\u00f3","url":"https:\/\/upmlm.com\/help_hu_hu\/","logo":{"@type":"ImageObject","inLanguage":"en-US","@id":"https:\/\/upmlm.com\/help_hu_hu\/#\/schema\/logo\/image\/","url":"","contentUrl":"","caption":"UpMLM S\u00fag\u00f3"},"image":{"@id":"https:\/\/upmlm.com\/help_hu_hu\/#\/schema\/logo\/image\/"}}]}},"_links":{"self":[{"href":"https:\/\/upmlm.com\/help_hu_hu\/wp-json\/wp\/v2\/pages\/111","targetHints":{"allow":["GET"]}}],"collection":[{"href":"https:\/\/upmlm.com\/help_hu_hu\/wp-json\/wp\/v2\/pages"}],"about":[{"href":"https:\/\/upmlm.com\/help_hu_hu\/wp-json\/wp\/v2\/types\/page"}],"author":[{"embeddable":true,"href":"https:\/\/upmlm.com\/help_hu_hu\/wp-json\/wp\/v2\/users\/1"}],"replies":[{"embeddable":true,"href":"https:\/\/upmlm.com\/help_hu_hu\/wp-json\/wp\/v2\/comments?post=111"}],"version-history":[{"count":1,"href":"https:\/\/upmlm.com\/help_hu_hu\/wp-json\/wp\/v2\/pages\/111\/revisions"}],"predecessor-version":[{"id":1003,"href":"https:\/\/upmlm.com\/help_hu_hu\/wp-json\/wp\/v2\/pages\/111\/revisions\/1003"}],"wp:attachment":[{"href":"https:\/\/upmlm.com\/help_hu_hu\/wp-json\/wp\/v2\/media?parent=111"}],"curies":[{"name":"wp","href":"https:\/\/api.w.org\/{rel}","templated":true}]}}