{"id":14,"date":"2025-09-05T10:55:03","date_gmt":"2025-09-05T10:55:03","guid":{"rendered":"https:\/\/upmlm.com\/fi_fi\/?page_id=14"},"modified":"2026-03-08T08:49:45","modified_gmt":"2026-03-08T08:49:45","slug":"privacy","status":"publish","type":"page","link":"https:\/\/upmlm.com\/fi_fi\/privacy\/","title":{"rendered":"Tietosuojak\u00e4yt\u00e4nt\u00f6"},"content":{"rendered":"\t\t<div data-elementor-type=\"wp-page\" data-elementor-id=\"14\" class=\"elementor elementor-14\" data-elementor-post-type=\"page\">\n\t\t\t\t<div class=\"elementor-element elementor-element-1104e9bb e-flex e-con-boxed e-con e-parent\" data-id=\"1104e9bb\" data-element_type=\"container\" data-e-type=\"container\">\n\t\t\t\t\t<div class=\"e-con-inner\">\n\t\t\t\t<div class=\"elementor-element elementor-element-1d9177b4 elementor-widget elementor-widget-text-editor\" data-id=\"1d9177b4\" data-element_type=\"widget\" data-e-type=\"widget\" data-widget_type=\"text-editor.default\">\n\t\t\t\t\t\t\t\t\t\n<p><strong>Tietosuojak\u00e4yt\u00e4nt\u00f6<\/strong><\/p>\n<p><em>P\u00e4ivitetty viimeksi: 05.09.2025<\/em><\/p>\n<p>T\u00e4m\u00e4 tietosuojak\u00e4yt\u00e4nt\u00f6 selitt\u00e4\u00e4, miten Spinlegacy Unipessoal LDA (&#8220;me&#8221;, &#8220;meid\u00e4n&#8221;) ker\u00e4\u00e4, k\u00e4ytt\u00e4\u00e4 ja suojaa henkil\u00f6tietojasi, kun k\u00e4yt\u00e4t UpMLM-alustaa (&#8220;Alusta&#8221;).<\/p>\n<p>K\u00e4ytt\u00e4m\u00e4ll\u00e4 UpMLM:\u00e4\u00e4 hyv\u00e4ksyt t\u00e4m\u00e4n k\u00e4yt\u00e4nn\u00f6n.<\/p>\n<div contenteditable=\"false\"><hr \/><\/div>\n<h3>1. Tietojen k\u00e4sittelij\u00e4<\/h3>\n<ul data-spread=\"false\">\n<li>\n<p><strong>Yrityksen nimi<\/strong>: Spinlegacy Unipessoal LDA<\/p>\n<\/li>\n<li>\n<p><strong>NIF<\/strong>: PT517378108<\/p>\n<\/li>\n<li>\n<p><strong>P\u00e4\u00e4konttori<\/strong>: Aveiro, Portugali<\/p>\n<\/li>\n<li>\n<p><strong>S\u00e4hk\u00f6posti<\/strong>: <a>client@upmlm.com<\/a><\/p>\n<\/li>\n<\/ul>\n<div contenteditable=\"false\"><hr \/><\/div>\n<h3>2. Ker\u00e4\u00e4m\u00e4mme tiedot<\/h3>\n<p>Ker\u00e4\u00e4mme seuraavat tiedot, kun luot tilin:<\/p>\n<ul data-spread=\"false\">\n<li>\n<p>Nimi<\/p>\n<\/li>\n<li>\n<p>S\u00e4hk\u00f6postiosoite<\/p>\n<\/li>\n<\/ul>\n<p>Lis\u00e4ksi alustaa k\u00e4ytett\u00e4ess\u00e4 seuraavat valinnaiset tai toiminnalliset tiedot voidaan tallentaa:<\/p>\n<ul data-spread=\"false\">\n<li>\n<p>Sy\u00f6tt\u00e4m\u00e4si yhteystiedot\/liidit<\/p>\n<\/li>\n<li>\n<p>Luomasi kurssit<\/p>\n<\/li>\n<li>\n<p>S\u00e4hk\u00f6postitse\/WhatsAppin\/SMS:n kautta l\u00e4hett\u00e4m\u00e4si viestit<\/p>\n<\/li>\n<li>\n<p>Verkostorakenteet (ladattu tai luotu manuaalisesti)<\/p>\n<\/li>\n<li>\n<p>Suunnittelijan teht\u00e4v\u00e4t ja muistiinpanot<\/p>\n<\/li>\n<\/ul>\n<p>Emme ker\u00e4\u00e4 arkaluonteisia henkil\u00f6tietoja, ellet nimenomaisesti anna niit\u00e4 alustassa.<\/p>\n<div contenteditable=\"false\"><hr \/><\/div>\n<h3>3. Miten k\u00e4yt\u00e4mme tietojasi<\/h3>\n<p>K\u00e4yt\u00e4mme tietojasi seuraaviin tarkoituksiin:<\/p>\n<ul data-spread=\"false\">\n<li>\n<p>Tarjota ja parantaa UpMLM-alustaa<\/p>\n<\/li>\n<li>\n<p>Kommunikoida kanssasi tilist\u00e4si ja p\u00e4ivityksist\u00e4<\/p>\n<\/li>\n<li>\n<p>L\u00e4hett\u00e4\u00e4 perehdytt\u00e4mismateriaaleja tai uutiskirjeit\u00e4 (suostumuksellasi)<\/p>\n<\/li>\n<li>\n<p>Vastata tukipyynt\u00f6ihin<\/p>\n<\/li>\n<li>\n<p>Varmistaa alustan toiminnallisuus (esim. liidien ker\u00e4ys, viestint\u00e4, automaatiot)<\/p>\n<\/li>\n<\/ul>\n<p>Emme myy tai jaa tietojasi kolmansille osapuolille markkinointitarkoituksiin.<\/p>\n<div contenteditable=\"false\"><hr \/><\/div>\n<h3>4. Oikeusperuste k\u00e4sittelylle<\/h3>\n<p>K\u00e4sittelemme tietojasi seuraavien perusteiden mukaisesti:<\/p>\n<ul data-spread=\"false\">\n<li>\n<p>Suostumuksesi<\/p>\n<\/li>\n<li>\n<p>Sopimusvelvoitteemme, kun tilaat maksullisia suunnitelmia<\/p>\n<\/li>\n<li>\n<p>Aitousintressimme palveluidemme parantamisessa<\/p>\n<\/li>\n<\/ul>\n<div contenteditable=\"false\"><hr \/><\/div>\n<h3>5. Tietojen jakaminen<\/h3>\n<p>Emme jaa henkil\u00f6tietojasi kolmansille osapuolille, paitsi:<\/p>\n<ul data-spread=\"false\">\n<li>\n<p>Maksun k\u00e4sittelyyn vaadittavien palveluntarjoajien kanssa (esim. Stripe)<\/p>\n<\/li>\n<li>\n<p>Kun laki niin edellytt\u00e4\u00e4<\/p>\n<\/li>\n<\/ul>\n<div contenteditable=\"false\"><hr \/><\/div>\n<h3>6. Tietojen s\u00e4ilytys<\/h3>\n<ul data-spread=\"false\">\n<li>\n<p>Tietojasi s\u00e4ilytet\u00e4\u00e4n niin kauan kuin tilisi on aktiivinen.<\/p>\n<\/li>\n<li>\n<p>Tilin poistamisen yhteydess\u00e4 tiedot poistetaan turvallisesti, ellei niit\u00e4 tarvita laillisista syist\u00e4.<\/p>\n<\/li>\n<\/ul>\n<div contenteditable=\"false\"><hr \/><\/div>\n<h3>7. Tietoturva<\/h3>\n<ul data-spread=\"false\">\n<li>\n<p>Kaikki tiedot tallennetaan turvallisesti salattuihin tietokantoihin.<\/p>\n<\/li>\n<li>\n<p>P\u00e4\u00e4sy sis\u00e4lt\u00f6\u00f6si on rajoitettu vain tilillesi.<\/p>\n<\/li>\n<\/ul>\n<div contenteditable=\"false\"><hr \/><\/div>\n<h3>8. Tietojen k\u00e4ytt\u00f6 teko\u00e4lyn kouluttamiseen ja palvelun parantamiseen<\/h3>\n<p data-start=\"0\" data-end=\"483\">UpMLM voi ker\u00e4t\u00e4 ja k\u00e4sitell\u00e4 k\u00e4ytt\u00e4jien alustaan sy\u00f6tt\u00e4m\u00e4\u00e4 tai luomaa tietoa ja sis\u00e4lt\u00f6\u00e4 \u2014 mukaan lukien liideihin, j\u00e4seniin, muistiinpanoihin, sis\u00e4iseen viestint\u00e4\u00e4n (kuten WhatsApp-, SMS- tai s\u00e4hk\u00f6postiintegraatioihin) ja samaan organisaatioon liitettyjen k\u00e4ytt\u00e4jien toimintaan liittyv\u00e4t tiedot \u2014 yksinomaan tarkoituksenaan kouluttaa ja parantaa alustan ominaisuuksia tukevia ja tehostavia teko\u00e4lyj\u00e4rjestelmi\u00e4.<\/p>\n<p data-start=\"485\" data-end=\"912\" data-is-last-node=\"\" data-is-only-node=\"\">T\u00e4m\u00e4n k\u00e4sittelyn tavoitteena on optimoida automaatiota, personointia ja UpMLM-palvelun suorituskyky\u00e4 sek\u00e4 yksitt\u00e4iselle k\u00e4ytt\u00e4j\u00e4lle ett\u00e4 koko k\u00e4ytt\u00e4j\u00e4kunnalle. Kaikkia n\u00e4ihin tarkoituksiin k\u00e4ytett\u00e4vi\u00e4 tietoja k\u00e4sitell\u00e4\u00e4n yleisen tietosuoja-asetuksen (GDPR) mukaisesti, soveltaen tiukkoja anonymisointi- ja turvatoimia varmistaakseen, ett\u00e4 henkil\u00f6- tai luottamuksellisia tietoja ei paljasteta tai tehd\u00e4 tunnistettavaksi alustan ulkopuolella.<\/p>\n<h3>9. Oikeutesi<\/h3>\n<p>Sinulla on oikeus:<\/p>\n<ul data-spread=\"false\">\n<li>\n<p>P\u00e4\u00e4st\u00e4 k\u00e4siksi, oikaista tai poistaa henkil\u00f6tietosi<\/p>\n<\/li>\n<li>\n<p>Peruuttaa suostumuksesi milloin tahansa<\/p>\n<\/li>\n<li>\n<p>Teehty\u00e4 valitus tietosuojaviranomaiselle<\/p>\n<\/li>\n<\/ul>\n<p>Oikeuksiesi k\u00e4ytt\u00e4miseksi ota meihin yhteytt\u00e4 osoitteessa: <a><strong>client@upmlm.com<\/strong><\/a><\/p>\n<div contenteditable=\"false\"><hr \/><\/div>\n<h3>10. Kansainv\u00e4liset k\u00e4ytt\u00e4j\u00e4t<\/h3>\n<p>Alustamme sijaitsee EU:ssa ja noudattaa <strong>GDPR:\u00e4\u00e4<\/strong>. Jos k\u00e4yt\u00e4t alustaa EU:n ulkopuolelta, hyv\u00e4ksyt tietojesi siirron ja k\u00e4sittelyn Portugalissa.<\/p>\n<div contenteditable=\"false\"><hr \/><\/div>\n<h3>11. K\u00e4yt\u00e4nn\u00f6n p\u00e4ivitykset<\/h3>\n<p>Voimme p\u00e4ivitt\u00e4\u00e4 t\u00e4t\u00e4 tietosuojak\u00e4yt\u00e4nt\u00f6\u00e4 heijastamaan alustan tai lains\u00e4\u00e4d\u00e4nn\u00f6n muutoksia. Ilmoitamme k\u00e4ytt\u00e4jille s\u00e4hk\u00f6postitse tai alustan ilmoituksen kautta.<\/p>\n<p>\u00a0<\/p>\n\t\t\t\t\t\t\t\t<\/div>\n\t\t\t\t\t<\/div>\n\t\t\t\t<\/div>\n\t\t\t\t<\/div>\n\t\t","protected":false},"excerpt":{"rendered":"<p>Tietosuojak\u00e4yt\u00e4nt\u00f6 Viimeksi p\u00e4ivitetty: 05.09.2025 T\u00e4m\u00e4 tietosuojak\u00e4yt\u00e4nt\u00f6 selitt\u00e4\u00e4, miten Spinlegacy Unipessoal LDA (&#8220;me&#8221;, &#8220;meid\u00e4n&#8221;) ker\u00e4\u00e4, k\u00e4ytt\u00e4\u00e4 ja suojaa henkil\u00f6tietojasi, kun k\u00e4yt\u00e4t UpMLM-alustaa (&#8220;Alusta&#8221;). K\u00e4ytt\u00e4m\u00e4ll\u00e4 UpMLM:\u00e4\u00e4 hyv\u00e4ksyt t\u00e4m\u00e4n k\u00e4yt\u00e4nn\u00f6n. 1. Tietojen k\u00e4sittelij\u00e4 Yrityksen nimi: Spinlegacy Unipessoal LDA NIF: PT517378108 P\u00e4\u00e4konttori: Aveiro, Portugali S\u00e4hk\u00f6posti: client@upmlm.com 2. Ker\u00e4\u00e4m\u00e4mme tiedot Ker\u00e4\u00e4mme seuraavat tiedot, kun luot tilin: Nimi S\u00e4hk\u00f6postiosoite Lis\u00e4ksi alustaa [&hellip;]<\/p>\n","protected":false},"author":1,"featured_media":0,"parent":0,"menu_order":0,"comment_status":"closed","ping_status":"closed","template":"elementor_header_footer","meta":{"_acf_changed":false,"footnotes":""},"class_list":["post-14","page","type-page","status-publish","hentry"],"acf":[],"yoast_head":"<!-- This site is optimized with the Yoast SEO plugin v27.3 - https:\/\/yoast.com\/product\/yoast-seo-wordpress\/ -->\n<title>Tietosuojak\u00e4yt\u00e4nt\u00f6 - fi_FI<\/title>\n<meta name=\"robots\" content=\"index, follow, max-snippet:-1, max-image-preview:large, max-video-preview:-1\" \/>\n<link rel=\"canonical\" href=\"https:\/\/upmlm.com\/fi_fi\/privacy\/\" \/>\n<meta property=\"og:locale\" content=\"en_US\" \/>\n<meta property=\"og:type\" content=\"article\" \/>\n<meta property=\"og:title\" content=\"Tietosuojak\u00e4yt\u00e4nt\u00f6 - fi_FI\" \/>\n<meta property=\"og:description\" content=\"Tietosuojak\u00e4yt\u00e4nt\u00f6 Viimeksi p\u00e4ivitetty: 05.09.2025 T\u00e4m\u00e4 tietosuojak\u00e4yt\u00e4nt\u00f6 selitt\u00e4\u00e4, miten Spinlegacy Unipessoal LDA (&#8220;me&#8221;, &#8220;meid\u00e4n&#8221;) ker\u00e4\u00e4, k\u00e4ytt\u00e4\u00e4 ja suojaa henkil\u00f6tietojasi, kun k\u00e4yt\u00e4t UpMLM-alustaa (&#8220;Alusta&#8221;). K\u00e4ytt\u00e4m\u00e4ll\u00e4 UpMLM:\u00e4\u00e4 hyv\u00e4ksyt t\u00e4m\u00e4n k\u00e4yt\u00e4nn\u00f6n. 1. Tietojen k\u00e4sittelij\u00e4 Yrityksen nimi: Spinlegacy Unipessoal LDA NIF: PT517378108 P\u00e4\u00e4konttori: Aveiro, Portugali S\u00e4hk\u00f6posti: client@upmlm.com 2. Ker\u00e4\u00e4m\u00e4mme tiedot Ker\u00e4\u00e4mme seuraavat tiedot, kun luot tilin: Nimi S\u00e4hk\u00f6postiosoite Lis\u00e4ksi alustaa [&hellip;]\" \/>\n<meta property=\"og:url\" content=\"https:\/\/upmlm.com\/fi_fi\/privacy\/\" \/>\n<meta property=\"og:site_name\" content=\"fi_FI\" \/>\n<meta property=\"article:modified_time\" content=\"2026-03-08T08:49:45+00:00\" \/>\n<meta name=\"twitter:card\" content=\"summary_large_image\" \/>\n<meta name=\"twitter:label1\" content=\"Est. reading time\" \/>\n\t<meta name=\"twitter:data1\" content=\"3 minutes\" \/>\n<script type=\"application\/ld+json\" class=\"yoast-schema-graph\">{\"@context\":\"https:\\\/\\\/schema.org\",\"@graph\":[{\"@type\":\"WebPage\",\"@id\":\"https:\\\/\\\/upmlm.com\\\/fi_fi\\\/privacy\\\/\",\"url\":\"https:\\\/\\\/upmlm.com\\\/fi_fi\\\/privacy\\\/\",\"name\":\"Tietosuojak\u00e4yt\u00e4nt\u00f6 - fi_FI\",\"isPartOf\":{\"@id\":\"https:\\\/\\\/upmlm.com\\\/fi_fi\\\/#website\"},\"datePublished\":\"2025-09-05T10:55:03+00:00\",\"dateModified\":\"2026-03-08T08:49:45+00:00\",\"breadcrumb\":{\"@id\":\"https:\\\/\\\/upmlm.com\\\/fi_fi\\\/privacy\\\/#breadcrumb\"},\"inLanguage\":\"en-US\",\"potentialAction\":[{\"@type\":\"ReadAction\",\"target\":[\"https:\\\/\\\/upmlm.com\\\/fi_fi\\\/privacy\\\/\"]}]},{\"@type\":\"BreadcrumbList\",\"@id\":\"https:\\\/\\\/upmlm.com\\\/fi_fi\\\/privacy\\\/#breadcrumb\",\"itemListElement\":[{\"@type\":\"ListItem\",\"position\":1,\"name\":\"Home\",\"item\":\"https:\\\/\\\/upmlm.com\\\/fi_fi\\\/\"},{\"@type\":\"ListItem\",\"position\":2,\"name\":\"Tietosuojak\u00e4yt\u00e4nt\u00f6\"}]},{\"@type\":\"WebSite\",\"@id\":\"https:\\\/\\\/upmlm.com\\\/fi_fi\\\/#website\",\"url\":\"https:\\\/\\\/upmlm.com\\\/fi_fi\\\/\",\"name\":\"fi_FI\",\"description\":\"The CRM Built by MLM Leaders for MLM Leaders\",\"publisher\":{\"@id\":\"https:\\\/\\\/upmlm.com\\\/fi_fi\\\/#organization\"},\"potentialAction\":[{\"@type\":\"SearchAction\",\"target\":{\"@type\":\"EntryPoint\",\"urlTemplate\":\"https:\\\/\\\/upmlm.com\\\/fi_fi\\\/?s={search_term_string}\"},\"query-input\":{\"@type\":\"PropertyValueSpecification\",\"valueRequired\":true,\"valueName\":\"search_term_string\"}}],\"inLanguage\":\"en-US\"},{\"@type\":\"Organization\",\"@id\":\"https:\\\/\\\/upmlm.com\\\/fi_fi\\\/#organization\",\"name\":\"fi_FI\",\"url\":\"https:\\\/\\\/upmlm.com\\\/fi_fi\\\/\",\"logo\":{\"@type\":\"ImageObject\",\"inLanguage\":\"en-US\",\"@id\":\"https:\\\/\\\/upmlm.com\\\/fi_fi\\\/#\\\/schema\\\/logo\\\/image\\\/\",\"url\":\"https:\\\/\\\/upmlm.com\\\/fi_fi\\\/wp-content\\\/uploads\\\/sites\\\/59\\\/2025\\\/09\\\/logo-1.png\",\"contentUrl\":\"https:\\\/\\\/upmlm.com\\\/fi_fi\\\/wp-content\\\/uploads\\\/sites\\\/59\\\/2025\\\/09\\\/logo-1.png\",\"width\":300,\"height\":90,\"caption\":\"fi_FI\"},\"image\":{\"@id\":\"https:\\\/\\\/upmlm.com\\\/fi_fi\\\/#\\\/schema\\\/logo\\\/image\\\/\"}}]}<\/script>\n<!-- \/ Yoast SEO plugin. -->","yoast_head_json":{"title":"Tietosuojak\u00e4yt\u00e4nt\u00f6 - fi_FI","robots":{"index":"index","follow":"follow","max-snippet":"max-snippet:-1","max-image-preview":"max-image-preview:large","max-video-preview":"max-video-preview:-1"},"canonical":"https:\/\/upmlm.com\/fi_fi\/privacy\/","og_locale":"en_US","og_type":"article","og_title":"Tietosuojak\u00e4yt\u00e4nt\u00f6 - fi_FI","og_description":"Tietosuojak\u00e4yt\u00e4nt\u00f6 Viimeksi p\u00e4ivitetty: 05.09.2025 T\u00e4m\u00e4 tietosuojak\u00e4yt\u00e4nt\u00f6 selitt\u00e4\u00e4, miten Spinlegacy Unipessoal LDA (&#8220;me&#8221;, &#8220;meid\u00e4n&#8221;) ker\u00e4\u00e4, k\u00e4ytt\u00e4\u00e4 ja suojaa henkil\u00f6tietojasi, kun k\u00e4yt\u00e4t UpMLM-alustaa (&#8220;Alusta&#8221;). K\u00e4ytt\u00e4m\u00e4ll\u00e4 UpMLM:\u00e4\u00e4 hyv\u00e4ksyt t\u00e4m\u00e4n k\u00e4yt\u00e4nn\u00f6n. 1. Tietojen k\u00e4sittelij\u00e4 Yrityksen nimi: Spinlegacy Unipessoal LDA NIF: PT517378108 P\u00e4\u00e4konttori: Aveiro, Portugali S\u00e4hk\u00f6posti: client@upmlm.com 2. Ker\u00e4\u00e4m\u00e4mme tiedot Ker\u00e4\u00e4mme seuraavat tiedot, kun luot tilin: Nimi S\u00e4hk\u00f6postiosoite Lis\u00e4ksi alustaa [&hellip;]","og_url":"https:\/\/upmlm.com\/fi_fi\/privacy\/","og_site_name":"fi_FI","article_modified_time":"2026-03-08T08:49:45+00:00","twitter_card":"summary_large_image","twitter_misc":{"Est. reading time":"3 minutes"},"schema":{"@context":"https:\/\/schema.org","@graph":[{"@type":"WebPage","@id":"https:\/\/upmlm.com\/fi_fi\/privacy\/","url":"https:\/\/upmlm.com\/fi_fi\/privacy\/","name":"Tietosuojak\u00e4yt\u00e4nt\u00f6 - fi_FI","isPartOf":{"@id":"https:\/\/upmlm.com\/fi_fi\/#website"},"datePublished":"2025-09-05T10:55:03+00:00","dateModified":"2026-03-08T08:49:45+00:00","breadcrumb":{"@id":"https:\/\/upmlm.com\/fi_fi\/privacy\/#breadcrumb"},"inLanguage":"en-US","potentialAction":[{"@type":"ReadAction","target":["https:\/\/upmlm.com\/fi_fi\/privacy\/"]}]},{"@type":"BreadcrumbList","@id":"https:\/\/upmlm.com\/fi_fi\/privacy\/#breadcrumb","itemListElement":[{"@type":"ListItem","position":1,"name":"Home","item":"https:\/\/upmlm.com\/fi_fi\/"},{"@type":"ListItem","position":2,"name":"Tietosuojak\u00e4yt\u00e4nt\u00f6"}]},{"@type":"WebSite","@id":"https:\/\/upmlm.com\/fi_fi\/#website","url":"https:\/\/upmlm.com\/fi_fi\/","name":"fi_FI","description":"The CRM Built by MLM Leaders for MLM Leaders","publisher":{"@id":"https:\/\/upmlm.com\/fi_fi\/#organization"},"potentialAction":[{"@type":"SearchAction","target":{"@type":"EntryPoint","urlTemplate":"https:\/\/upmlm.com\/fi_fi\/?s={search_term_string}"},"query-input":{"@type":"PropertyValueSpecification","valueRequired":true,"valueName":"search_term_string"}}],"inLanguage":"en-US"},{"@type":"Organization","@id":"https:\/\/upmlm.com\/fi_fi\/#organization","name":"fi_FI","url":"https:\/\/upmlm.com\/fi_fi\/","logo":{"@type":"ImageObject","inLanguage":"en-US","@id":"https:\/\/upmlm.com\/fi_fi\/#\/schema\/logo\/image\/","url":"https:\/\/upmlm.com\/fi_fi\/wp-content\/uploads\/sites\/59\/2025\/09\/logo-1.png","contentUrl":"https:\/\/upmlm.com\/fi_fi\/wp-content\/uploads\/sites\/59\/2025\/09\/logo-1.png","width":300,"height":90,"caption":"fi_FI"},"image":{"@id":"https:\/\/upmlm.com\/fi_fi\/#\/schema\/logo\/image\/"}}]}},"_links":{"self":[{"href":"https:\/\/upmlm.com\/fi_fi\/wp-json\/wp\/v2\/pages\/14","targetHints":{"allow":["GET"]}}],"collection":[{"href":"https:\/\/upmlm.com\/fi_fi\/wp-json\/wp\/v2\/pages"}],"about":[{"href":"https:\/\/upmlm.com\/fi_fi\/wp-json\/wp\/v2\/types\/page"}],"author":[{"embeddable":true,"href":"https:\/\/upmlm.com\/fi_fi\/wp-json\/wp\/v2\/users\/1"}],"replies":[{"embeddable":true,"href":"https:\/\/upmlm.com\/fi_fi\/wp-json\/wp\/v2\/comments?post=14"}],"version-history":[{"count":12,"href":"https:\/\/upmlm.com\/fi_fi\/wp-json\/wp\/v2\/pages\/14\/revisions"}],"predecessor-version":[{"id":3340,"href":"https:\/\/upmlm.com\/fi_fi\/wp-json\/wp\/v2\/pages\/14\/revisions\/3340"}],"wp:attachment":[{"href":"https:\/\/upmlm.com\/fi_fi\/wp-json\/wp\/v2\/media?parent=14"}],"curies":[{"name":"wp","href":"https:\/\/api.w.org\/{rel}","templated":true}]}}