{"id":14,"date":"2025-09-05T10:55:03","date_gmt":"2025-09-05T10:55:03","guid":{"rendered":"https:\/\/upmlm.com\/cs_cz\/?page_id=14"},"modified":"2026-03-08T08:34:45","modified_gmt":"2026-03-08T08:34:45","slug":"privacy","status":"publish","type":"page","link":"https:\/\/upmlm.com\/cs_cz\/privacy\/","title":{"rendered":"Z\u00e1sady ochrany osobn\u00edch \u00fadaj\u016f"},"content":{"rendered":"\t\t<div data-elementor-type=\"wp-page\" data-elementor-id=\"14\" class=\"elementor elementor-14\" data-elementor-post-type=\"page\">\n\t\t\t\t<div class=\"elementor-element elementor-element-1104e9bb e-flex e-con-boxed e-con e-parent\" data-id=\"1104e9bb\" data-element_type=\"container\" data-e-type=\"container\">\n\t\t\t\t\t<div class=\"e-con-inner\">\n\t\t\t\t<div class=\"elementor-element elementor-element-1d9177b4 elementor-widget elementor-widget-text-editor\" data-id=\"1d9177b4\" data-element_type=\"widget\" data-e-type=\"widget\" data-widget_type=\"text-editor.default\">\n\t\t\t\t\t\t\t\t\t\n<p><strong>Z\u00e1sady ochrany osobn\u00edch \u00fadaj\u016f<\/strong><\/p>\n<p><em>Naposledy aktualizov\u00e1no: 05-09-2025<\/em><\/p>\n<p>Tato Z\u00e1sada ochrany osobn\u00edch \u00fadaj\u016f vysv\u011btluje, jak spole\u010dnost Spinlegacy Unipessoal LDA (&#8220;my&#8221;, &#8220;n\u00e1s&#8221; nebo &#8220;na\u0161e&#8221;) shroma\u017e\u010fuje, pou\u017e\u00edv\u00e1 a chr\u00e1n\u00ed va\u0161e osobn\u00ed \u00fadaje p\u0159i pou\u017e\u00edv\u00e1n\u00ed platformy UpMLM (&#8220;Platforma&#8221;).<\/p>\n<p>Pou\u017e\u00edv\u00e1n\u00edm UpMLM souhlas\u00edte s t\u011bmito z\u00e1sadami.<\/p>\n<div contenteditable=\"false\"><hr \/><\/div>\n<h3>1. Spr\u00e1vce \u00fadaj\u016f<\/h3>\n<ul data-spread=\"false\">\n<li>\n<p><strong>N\u00e1zev spole\u010dnosti<\/strong>: Spinlegacy Unipessoal LDA<\/p>\n<\/li>\n<li>\n<p><strong>NIF<\/strong>: PT517378108<\/p>\n<\/li>\n<li>\n<p><strong>S\u00eddlo spole\u010dnosti<\/strong>: Aveiro, Portugalsko<\/p>\n<\/li>\n<li>\n<p><strong>E-mail<\/strong>: <a>client@upmlm.com<\/a><\/p>\n<\/li>\n<\/ul>\n<div contenteditable=\"false\"><hr \/><\/div>\n<h3>2. \u00dadaje, kter\u00e9 shroma\u017e\u010fujeme<\/h3>\n<p>P\u0159i vytv\u00e1\u0159en\u00ed \u00fa\u010dtu shroma\u017e\u010fujeme n\u00e1sleduj\u00edc\u00ed \u00fadaje:<\/p>\n<ul data-spread=\"false\">\n<li>\n<p>Jm\u00e9no<\/p>\n<\/li>\n<li>\n<p>E-mailovou adresu<\/p>\n<\/li>\n<\/ul>\n<p>D\u00e1le p\u0159i pou\u017e\u00edv\u00e1n\u00ed platformy mohou b\u00fdt ukl\u00e1d\u00e1ny n\u00e1sleduj\u00edc\u00ed voliteln\u00e9 nebo funk\u010dn\u00ed \u00fadaje:<\/p>\n<ul data-spread=\"false\">\n<li>\n<p>Kontakty\/z\u00e1jemci, kter\u00e9 zad\u00e1te<\/p>\n<\/li>\n<li>\n<p>Kurzy, kter\u00e9 vytvo\u0159\u00edte<\/p>\n<\/li>\n<li>\n<p>Zpr\u00e1vy, kter\u00e9 pos\u00edl\u00e1te prost\u0159ednictv\u00edm e-mailu\/WhatsApp\/SMS<\/p>\n<\/li>\n<li>\n<p>S\u00ed\u0165ov\u00e9 struktury (nahran\u00e9 nebo vytvo\u0159en\u00e9 ru\u010dn\u011b)<\/p>\n<\/li>\n<li>\n<p>\u00dakoly a pozn\u00e1mky v pl\u00e1nova\u010di<\/p>\n<\/li>\n<\/ul>\n<p><strong>Neshroma\u017e\u010fujeme<\/strong> citliv\u00e9 osobn\u00ed \u00fadaje, pokud je v\u00fdslovn\u011b nezad\u00e1te na platform\u011b.<\/p>\n<div contenteditable=\"false\"><hr \/><\/div>\n<h3>3. Jak va\u0161e \u00fadaje pou\u017e\u00edv\u00e1me<\/h3>\n<p>Va\u0161e \u00fadaje pou\u017e\u00edv\u00e1me k:<\/p>\n<ul data-spread=\"false\">\n<li>\n<p>Poskytov\u00e1n\u00ed a zlep\u0161ov\u00e1n\u00ed platformy UpMLM<\/p>\n<\/li>\n<li>\n<p>Komunikaci s v\u00e1mi ohledn\u011b va\u0161eho \u00fa\u010dtu a aktualizac\u00ed<\/p>\n<\/li>\n<li>\n<p>Odes\u00edl\u00e1n\u00ed onboardingov\u00fdch materi\u00e1l\u016f nebo newsletter\u016f (s va\u0161\u00edm souhlasem)<\/p>\n<\/li>\n<li>\n<p>Reakci na \u017e\u00e1dosti o podporu<\/p>\n<\/li>\n<li>\n<p>Zaji\u0161t\u011bn\u00ed funk\u010dnosti platformy (nap\u0159. zachycen\u00ed z\u00e1jemc\u016f, zas\u00edl\u00e1n\u00ed zpr\u00e1v, automatizace)<\/p>\n<\/li>\n<\/ul>\n<p>Va\u0161e \u00fadaje <strong>neprod\u00e1v\u00e1me<\/strong> ani je nesd\u00edl\u00edme s t\u0159et\u00edmi stranami pro marketingov\u00e9 \u00fa\u010dely.<\/p>\n<div contenteditable=\"false\"><hr \/><\/div>\n<h3>4. Pr\u00e1vn\u00ed z\u00e1klad pro zpracov\u00e1n\u00ed<\/h3>\n<p>Va\u0161e \u00fadaje zpracov\u00e1v\u00e1me na z\u00e1klad\u011b:<\/p>\n<ul data-spread=\"false\">\n<li>\n<p>Va\u0161eho souhlasu<\/p>\n<\/li>\n<li>\n<p>Na\u0161ich smluvn\u00edch z\u00e1vazk\u016f, kdy\u017e se p\u0159ihl\u00e1s\u00edte k placen\u00fdm pl\u00e1n\u016fm<\/p>\n<\/li>\n<li>\n<p>Na\u0161eho opr\u00e1vn\u011bn\u00e9ho z\u00e1jmu na zlep\u0161ov\u00e1n\u00ed na\u0161ich slu\u017eeb<\/p>\n<\/li>\n<\/ul>\n<div contenteditable=\"false\"><hr \/><\/div>\n<h3>5. Sd\u00edlen\u00ed \u00fadaj\u016f<\/h3>\n<p>Va\u0161e osobn\u00ed \u00fadaje <strong>nesd\u00edl\u00edme<\/strong> s t\u0159et\u00edmi stranami, krom\u011b:<\/p>\n<ul data-spread=\"false\">\n<li>\n<p>Poskytovatel\u016f slu\u017eeb nezbytn\u00fdch pro zpracov\u00e1n\u00ed plateb (nap\u0159. Stripe)<\/p>\n<\/li>\n<li>\n<p>Kdy\u017e to vy\u017eaduje z\u00e1kon<\/p>\n<\/li>\n<\/ul>\n<div contenteditable=\"false\"><hr \/><\/div>\n<h3>6. Uchov\u00e1v\u00e1n\u00ed \u00fadaj\u016f<\/h3>\n<ul data-spread=\"false\">\n<li>\n<p>Va\u0161e \u00fadaje jsou uchov\u00e1v\u00e1ny, dokud v\u00e1\u0161 \u00fa\u010det z\u016fst\u00e1v\u00e1 aktivn\u00ed.<\/p>\n<\/li>\n<li>\n<p>Po smaz\u00e1n\u00ed \u00fa\u010dtu jsou \u00fadaje bezpe\u010dn\u011b odstran\u011bny, pokud nejsou vy\u017eadov\u00e1ny z pr\u00e1vn\u00edch d\u016fvod\u016f.<\/p>\n<\/li>\n<\/ul>\n<div contenteditable=\"false\"><hr \/><\/div>\n<h3>7. Zabezpe\u010den\u00ed \u00fadaj\u016f<\/h3>\n<ul data-spread=\"false\">\n<li>\n<p>V\u0161echny \u00fadaje jsou bezpe\u010dn\u011b ulo\u017eeny v \u0161ifrovan\u00fdch datab\u00e1z\u00edch.<\/p>\n<\/li>\n<li>\n<p>P\u0159\u00edstup k va\u0161emu obsahu je omezen pouze na v\u00e1\u0161 \u00fa\u010det.<\/p>\n<\/li>\n<\/ul>\n<div contenteditable=\"false\"><hr \/><\/div>\n<h3>8. Pou\u017eit\u00ed \u00fadaj\u016f pro tr\u00e9nink AI a zlep\u0161ov\u00e1n\u00ed slu\u017eeb<\/h3>\n<p data-start=\"0\" data-end=\"483\">UpMLM m\u016f\u017ee shroma\u017e\u010fovat a zpracov\u00e1vat informace a obsah zadan\u00e9 nebo generovan\u00e9 u\u017eivateli na platform\u011b \u2014 v\u010detn\u011b \u00fadaj\u016f souvisej\u00edc\u00edch se z\u00e1jemci, \u010dleny, pozn\u00e1mkami, intern\u00ed komunikac\u00ed (jako jsou integrace WhatsApp, SMS nebo e-mailu) a aktivitou u\u017eivatel\u016f p\u0159ipojen\u00fdch ke stejn\u00e9 organizaci \u2014 v\u00fdhradn\u011b za \u00fa\u010delem tr\u00e9nov\u00e1n\u00ed a zlep\u0161ov\u00e1n\u00ed syst\u00e9m\u016f um\u011bl\u00e9 inteligence, kter\u00e9 podporuj\u00ed a vylep\u0161uj\u00ed funkce platformy.<\/p>\n<p data-start=\"485\" data-end=\"912\" data-is-last-node=\"\" data-is-only-node=\"\">Toto zpracov\u00e1n\u00ed m\u00e1 za c\u00edl optimalizovat automatizaci, personalizaci a v\u00fdkon slu\u017eby UpMLM jak pro jednotliv\u00e9ho u\u017eivatele, tak pro celou u\u017eivatelskou z\u00e1kladnu. V\u0161echny \u00fadaje pou\u017e\u00edvan\u00e9 pro tyto \u00fa\u010dely jsou zpracov\u00e1v\u00e1ny v souladu s Obecn\u00fdm na\u0159\u00edzen\u00edm o ochran\u011b \u00fadaj\u016f (GDPR), s uplat\u0148ov\u00e1n\u00edm p\u0159\u00edsn\u00fdch opat\u0159en\u00ed pro anonymizaci a zabezpe\u010den\u00ed, aby se zajistilo, \u017ee \u017e\u00e1dn\u00e9 osobn\u00ed nebo d\u016fv\u011brn\u00e9 informace nebudou mimo platformu zve\u0159ejn\u011bny nebo u\u010din\u011bny identifikovateln\u00fdmi.<\/p>\n<h3>9. Va\u0161e pr\u00e1va<\/h3>\n<p>M\u00e1te pr\u00e1vo:<\/p>\n<ul data-spread=\"false\">\n<li>\n<p>P\u0159\u00edstupu, opravy nebo smaz\u00e1n\u00ed va\u0161ich osobn\u00edch \u00fadaj\u016f<\/p>\n<\/li>\n<li>\n<p>Odvolat sv\u016fj souhlas kdykoli<\/p>\n<\/li>\n<li>\n<p>Podat st\u00ed\u017enost u \u00fa\u0159adu pro ochranu \u00fadaj\u016f<\/p>\n<\/li>\n<\/ul>\n<p>Chcete-li sv\u00e1 pr\u00e1va uplatnit, kontaktujte n\u00e1s na: <a><strong>client@upmlm.com<\/strong><\/a><\/p>\n<div contenteditable=\"false\"><hr \/><\/div>\n<h3>10. Mezin\u00e1rodn\u00ed u\u017eivatel\u00e9<\/h3>\n<p>Na\u0161e platforma s\u00eddl\u00ed v EU a dodr\u017euje <strong>GDPR<\/strong>. Pokud k platform\u011b p\u0159istupujete mimo EU, souhlas\u00edte s p\u0159enosem a zpracov\u00e1n\u00edm va\u0161ich \u00fadaj\u016f v Portugalsku.<\/p>\n<div contenteditable=\"false\"><hr \/><\/div>\n<h3>11. Aktualizace t\u011bchto z\u00e1sad<\/h3>\n<p>Tuto Z\u00e1sadu ochrany osobn\u00edch \u00fadaj\u016f m\u016f\u017eeme aktualizovat, abychom odr\u00e1\u017eeli zm\u011bny na platform\u011b nebo v pr\u00e1vn\u00edch p\u0159edpisech. U\u017eivatele budeme informovat prost\u0159ednictv\u00edm e-mailu nebo ozn\u00e1men\u00ed na platform\u011b.<\/p>\n<p>\u00a0<\/p>\n\t\t\t\t\t\t\t\t<\/div>\n\t\t\t\t\t<\/div>\n\t\t\t\t<\/div>\n\t\t\t\t<\/div>\n\t\t","protected":false},"excerpt":{"rendered":"<p>Z\u00e1sady ochrany osobn\u00edch \u00fadaj\u016f Naposledy aktualizov\u00e1no: 05-09-2025 Tato Z\u00e1sada ochrany osobn\u00edch \u00fadaj\u016f vysv\u011btluje, jak spole\u010dnost Spinlegacy Unipessoal LDA (&#8220;my&#8221;, &#8220;n\u00e1s&#8221; nebo &#8220;na\u0161e&#8221;) shroma\u017e\u010fuje, pou\u017e\u00edv\u00e1 a chr\u00e1n\u00ed va\u0161e osobn\u00ed \u00fadaje p\u0159i pou\u017e\u00edv\u00e1n\u00ed platformy UpMLM (&#8220;Platforma&#8221;). Pou\u017e\u00edv\u00e1n\u00edm UpMLM souhlas\u00edte s t\u011bmito z\u00e1sadami. 1. Spr\u00e1vce \u00fadaj\u016f N\u00e1zev spole\u010dnosti: Spinlegacy Unipessoal LDA NIF: PT517378108 S\u00eddlo spole\u010dnosti: Aveiro, Portugalsko E-mail: [&hellip;]<\/p>\n","protected":false},"author":1,"featured_media":0,"parent":0,"menu_order":0,"comment_status":"closed","ping_status":"closed","template":"elementor_header_footer","meta":{"_acf_changed":false,"footnotes":""},"class_list":["post-14","page","type-page","status-publish","hentry"],"acf":[],"yoast_head":"<!-- This site is optimized with the Yoast SEO plugin v27.3 - https:\/\/yoast.com\/product\/yoast-seo-wordpress\/ -->\n<title>Z\u00e1sady ochrany osobn\u00edch \u00fadaj\u016f - cs_CZ<\/title>\n<meta name=\"robots\" content=\"index, follow, max-snippet:-1, max-image-preview:large, max-video-preview:-1\" \/>\n<link rel=\"canonical\" href=\"https:\/\/upmlm.com\/cs_cz\/privacy\/\" \/>\n<meta property=\"og:locale\" content=\"en_US\" \/>\n<meta property=\"og:type\" content=\"article\" \/>\n<meta property=\"og:title\" content=\"Z\u00e1sady ochrany osobn\u00edch \u00fadaj\u016f - cs_CZ\" \/>\n<meta property=\"og:description\" content=\"Z\u00e1sady ochrany osobn\u00edch \u00fadaj\u016f Naposledy aktualizov\u00e1no: 05-09-2025 Tato Z\u00e1sada ochrany osobn\u00edch \u00fadaj\u016f vysv\u011btluje, jak spole\u010dnost Spinlegacy Unipessoal LDA (&#8220;my&#8221;, &#8220;n\u00e1s&#8221; nebo &#8220;na\u0161e&#8221;) shroma\u017e\u010fuje, pou\u017e\u00edv\u00e1 a chr\u00e1n\u00ed va\u0161e osobn\u00ed \u00fadaje p\u0159i pou\u017e\u00edv\u00e1n\u00ed platformy UpMLM (&#8220;Platforma&#8221;). Pou\u017e\u00edv\u00e1n\u00edm UpMLM souhlas\u00edte s t\u011bmito z\u00e1sadami. 1. Spr\u00e1vce \u00fadaj\u016f N\u00e1zev spole\u010dnosti: Spinlegacy Unipessoal LDA NIF: PT517378108 S\u00eddlo spole\u010dnosti: Aveiro, Portugalsko E-mail: [&hellip;]\" \/>\n<meta property=\"og:url\" content=\"https:\/\/upmlm.com\/cs_cz\/privacy\/\" \/>\n<meta property=\"og:site_name\" content=\"cs_CZ\" \/>\n<meta property=\"article:modified_time\" content=\"2026-03-08T08:34:45+00:00\" \/>\n<meta name=\"twitter:card\" content=\"summary_large_image\" \/>\n<meta name=\"twitter:label1\" content=\"Est. reading time\" \/>\n\t<meta name=\"twitter:data1\" content=\"3 minutes\" \/>\n<script type=\"application\/ld+json\" class=\"yoast-schema-graph\">{\"@context\":\"https:\\\/\\\/schema.org\",\"@graph\":[{\"@type\":\"WebPage\",\"@id\":\"https:\\\/\\\/upmlm.com\\\/cs_cz\\\/privacy\\\/\",\"url\":\"https:\\\/\\\/upmlm.com\\\/cs_cz\\\/privacy\\\/\",\"name\":\"Z\u00e1sady ochrany osobn\u00edch \u00fadaj\u016f - cs_CZ\",\"isPartOf\":{\"@id\":\"https:\\\/\\\/upmlm.com\\\/cs_cz\\\/#website\"},\"datePublished\":\"2025-09-05T10:55:03+00:00\",\"dateModified\":\"2026-03-08T08:34:45+00:00\",\"breadcrumb\":{\"@id\":\"https:\\\/\\\/upmlm.com\\\/cs_cz\\\/privacy\\\/#breadcrumb\"},\"inLanguage\":\"en-US\",\"potentialAction\":[{\"@type\":\"ReadAction\",\"target\":[\"https:\\\/\\\/upmlm.com\\\/cs_cz\\\/privacy\\\/\"]}]},{\"@type\":\"BreadcrumbList\",\"@id\":\"https:\\\/\\\/upmlm.com\\\/cs_cz\\\/privacy\\\/#breadcrumb\",\"itemListElement\":[{\"@type\":\"ListItem\",\"position\":1,\"name\":\"Home\",\"item\":\"https:\\\/\\\/upmlm.com\\\/cs_cz\\\/\"},{\"@type\":\"ListItem\",\"position\":2,\"name\":\"Z\u00e1sady ochrany osobn\u00edch \u00fadaj\u016f\"}]},{\"@type\":\"WebSite\",\"@id\":\"https:\\\/\\\/upmlm.com\\\/cs_cz\\\/#website\",\"url\":\"https:\\\/\\\/upmlm.com\\\/cs_cz\\\/\",\"name\":\"cs_CZ\",\"description\":\"The CRM Built by MLM Leaders for MLM Leaders\",\"publisher\":{\"@id\":\"https:\\\/\\\/upmlm.com\\\/cs_cz\\\/#organization\"},\"potentialAction\":[{\"@type\":\"SearchAction\",\"target\":{\"@type\":\"EntryPoint\",\"urlTemplate\":\"https:\\\/\\\/upmlm.com\\\/cs_cz\\\/?s={search_term_string}\"},\"query-input\":{\"@type\":\"PropertyValueSpecification\",\"valueRequired\":true,\"valueName\":\"search_term_string\"}}],\"inLanguage\":\"en-US\"},{\"@type\":\"Organization\",\"@id\":\"https:\\\/\\\/upmlm.com\\\/cs_cz\\\/#organization\",\"name\":\"cs_CZ\",\"url\":\"https:\\\/\\\/upmlm.com\\\/cs_cz\\\/\",\"logo\":{\"@type\":\"ImageObject\",\"inLanguage\":\"en-US\",\"@id\":\"https:\\\/\\\/upmlm.com\\\/cs_cz\\\/#\\\/schema\\\/logo\\\/image\\\/\",\"url\":\"https:\\\/\\\/upmlm.com\\\/cs_cz\\\/wp-content\\\/uploads\\\/sites\\\/54\\\/2025\\\/09\\\/logo-1.png\",\"contentUrl\":\"https:\\\/\\\/upmlm.com\\\/cs_cz\\\/wp-content\\\/uploads\\\/sites\\\/54\\\/2025\\\/09\\\/logo-1.png\",\"width\":300,\"height\":90,\"caption\":\"cs_CZ\"},\"image\":{\"@id\":\"https:\\\/\\\/upmlm.com\\\/cs_cz\\\/#\\\/schema\\\/logo\\\/image\\\/\"}}]}<\/script>\n<!-- \/ Yoast SEO plugin. -->","yoast_head_json":{"title":"Z\u00e1sady ochrany osobn\u00edch \u00fadaj\u016f - cs_CZ","robots":{"index":"index","follow":"follow","max-snippet":"max-snippet:-1","max-image-preview":"max-image-preview:large","max-video-preview":"max-video-preview:-1"},"canonical":"https:\/\/upmlm.com\/cs_cz\/privacy\/","og_locale":"en_US","og_type":"article","og_title":"Z\u00e1sady ochrany osobn\u00edch \u00fadaj\u016f - cs_CZ","og_description":"Z\u00e1sady ochrany osobn\u00edch \u00fadaj\u016f Naposledy aktualizov\u00e1no: 05-09-2025 Tato Z\u00e1sada ochrany osobn\u00edch \u00fadaj\u016f vysv\u011btluje, jak spole\u010dnost Spinlegacy Unipessoal LDA (&#8220;my&#8221;, &#8220;n\u00e1s&#8221; nebo &#8220;na\u0161e&#8221;) shroma\u017e\u010fuje, pou\u017e\u00edv\u00e1 a chr\u00e1n\u00ed va\u0161e osobn\u00ed \u00fadaje p\u0159i pou\u017e\u00edv\u00e1n\u00ed platformy UpMLM (&#8220;Platforma&#8221;). Pou\u017e\u00edv\u00e1n\u00edm UpMLM souhlas\u00edte s t\u011bmito z\u00e1sadami. 1. Spr\u00e1vce \u00fadaj\u016f N\u00e1zev spole\u010dnosti: Spinlegacy Unipessoal LDA NIF: PT517378108 S\u00eddlo spole\u010dnosti: Aveiro, Portugalsko E-mail: [&hellip;]","og_url":"https:\/\/upmlm.com\/cs_cz\/privacy\/","og_site_name":"cs_CZ","article_modified_time":"2026-03-08T08:34:45+00:00","twitter_card":"summary_large_image","twitter_misc":{"Est. reading time":"3 minutes"},"schema":{"@context":"https:\/\/schema.org","@graph":[{"@type":"WebPage","@id":"https:\/\/upmlm.com\/cs_cz\/privacy\/","url":"https:\/\/upmlm.com\/cs_cz\/privacy\/","name":"Z\u00e1sady ochrany osobn\u00edch \u00fadaj\u016f - cs_CZ","isPartOf":{"@id":"https:\/\/upmlm.com\/cs_cz\/#website"},"datePublished":"2025-09-05T10:55:03+00:00","dateModified":"2026-03-08T08:34:45+00:00","breadcrumb":{"@id":"https:\/\/upmlm.com\/cs_cz\/privacy\/#breadcrumb"},"inLanguage":"en-US","potentialAction":[{"@type":"ReadAction","target":["https:\/\/upmlm.com\/cs_cz\/privacy\/"]}]},{"@type":"BreadcrumbList","@id":"https:\/\/upmlm.com\/cs_cz\/privacy\/#breadcrumb","itemListElement":[{"@type":"ListItem","position":1,"name":"Home","item":"https:\/\/upmlm.com\/cs_cz\/"},{"@type":"ListItem","position":2,"name":"Z\u00e1sady ochrany osobn\u00edch \u00fadaj\u016f"}]},{"@type":"WebSite","@id":"https:\/\/upmlm.com\/cs_cz\/#website","url":"https:\/\/upmlm.com\/cs_cz\/","name":"cs_CZ","description":"The CRM Built by MLM Leaders for MLM Leaders","publisher":{"@id":"https:\/\/upmlm.com\/cs_cz\/#organization"},"potentialAction":[{"@type":"SearchAction","target":{"@type":"EntryPoint","urlTemplate":"https:\/\/upmlm.com\/cs_cz\/?s={search_term_string}"},"query-input":{"@type":"PropertyValueSpecification","valueRequired":true,"valueName":"search_term_string"}}],"inLanguage":"en-US"},{"@type":"Organization","@id":"https:\/\/upmlm.com\/cs_cz\/#organization","name":"cs_CZ","url":"https:\/\/upmlm.com\/cs_cz\/","logo":{"@type":"ImageObject","inLanguage":"en-US","@id":"https:\/\/upmlm.com\/cs_cz\/#\/schema\/logo\/image\/","url":"https:\/\/upmlm.com\/cs_cz\/wp-content\/uploads\/sites\/54\/2025\/09\/logo-1.png","contentUrl":"https:\/\/upmlm.com\/cs_cz\/wp-content\/uploads\/sites\/54\/2025\/09\/logo-1.png","width":300,"height":90,"caption":"cs_CZ"},"image":{"@id":"https:\/\/upmlm.com\/cs_cz\/#\/schema\/logo\/image\/"}}]}},"_links":{"self":[{"href":"https:\/\/upmlm.com\/cs_cz\/wp-json\/wp\/v2\/pages\/14","targetHints":{"allow":["GET"]}}],"collection":[{"href":"https:\/\/upmlm.com\/cs_cz\/wp-json\/wp\/v2\/pages"}],"about":[{"href":"https:\/\/upmlm.com\/cs_cz\/wp-json\/wp\/v2\/types\/page"}],"author":[{"embeddable":true,"href":"https:\/\/upmlm.com\/cs_cz\/wp-json\/wp\/v2\/users\/1"}],"replies":[{"embeddable":true,"href":"https:\/\/upmlm.com\/cs_cz\/wp-json\/wp\/v2\/comments?post=14"}],"version-history":[{"count":12,"href":"https:\/\/upmlm.com\/cs_cz\/wp-json\/wp\/v2\/pages\/14\/revisions"}],"predecessor-version":[{"id":3361,"href":"https:\/\/upmlm.com\/cs_cz\/wp-json\/wp\/v2\/pages\/14\/revisions\/3361"}],"wp:attachment":[{"href":"https:\/\/upmlm.com\/cs_cz\/wp-json\/wp\/v2\/media?parent=14"}],"curies":[{"name":"wp","href":"https:\/\/api.w.org\/{rel}","templated":true}]}}